{"id":695,"date":"2026-03-13T13:35:39","date_gmt":"2026-03-13T13:35:39","guid":{"rendered":"https:\/\/kindad.eu\/?post_type=product&#038;p=695"},"modified":"2026-04-13T07:46:23","modified_gmt":"2026-04-13T07:46:23","slug":"nailonkindad-vaht-nitriilkate","status":"publish","type":"product","link":"https:\/\/kindad.eu\/en\/product\/nailonkindad-vaht-nitriilkate\/","title":{"rendered":"Nylon gloves foam nitrile coated gloves"},"content":{"rendered":"<p>These skin-friendly and flexible nylon\/spandex work gloves for assembly and precision mechanics feature a nitrile rubber palm and fingertips with a foamed nitrile pattern, providing excellent grip in both dry and wet conditions.<br \/>\nProtects against oils, lubricants, and mechanical abrasion.<br \/>\nSeamless work gloves provide excellent fingertip sensitivity.<br \/>\nSpandex material on the back of the hand provides exceptional breathability, comfort, and flexibility.<\/p>\n","protected":false},"excerpt":{"rendered":"<p>nailon\/spandex t\u00f6\u00f6kindad, vahtnitriilkummiga kaetud peopesa ja s\u00f5rmeotsad<\/p>\n","protected":false},"featured_media":694,"comment_status":"open","ping_status":"closed","template":"","meta":{"_monsterinsights_skip_tracking":false,"_monsterinsights_sitenote_active":false,"_monsterinsights_sitenote_note":"","_monsterinsights_sitenote_category":0},"product_brand":[],"product_cat":[123],"product_tag":[],"class_list":{"0":"post-695","1":"product","2":"type-product","3":"status-publish","4":"has-post-thumbnail","6":"product_cat-kattega-kindad","7":"pa_size_-106","8":"pa_size_-107","9":"pa_size_-104","10":"pa_size_-105","12":"first","13":"instock","14":"taxable","15":"shipping-taxable","16":"purchasable","17":"product-type-variable"},"aioseo_notices":[],"_links":{"self":[{"href":"https:\/\/kindad.eu\/en\/wp-json\/wp\/v2\/product\/695","targetHints":{"allow":["GET"]}}],"collection":[{"href":"https:\/\/kindad.eu\/en\/wp-json\/wp\/v2\/product"}],"about":[{"href":"https:\/\/kindad.eu\/en\/wp-json\/wp\/v2\/types\/product"}],"replies":[{"embeddable":true,"href":"https:\/\/kindad.eu\/en\/wp-json\/wp\/v2\/comments?post=695"}],"wp:featuredmedia":[{"embeddable":true,"href":"https:\/\/kindad.eu\/en\/wp-json\/wp\/v2\/media\/694"}],"wp:attachment":[{"href":"https:\/\/kindad.eu\/en\/wp-json\/wp\/v2\/media?parent=695"}],"wp:term":[{"taxonomy":"product_brand","embeddable":true,"href":"https:\/\/kindad.eu\/en\/wp-json\/wp\/v2\/product_brand?post=695"},{"taxonomy":"product_cat","embeddable":true,"href":"https:\/\/kindad.eu\/en\/wp-json\/wp\/v2\/product_cat?post=695"},{"taxonomy":"product_tag","embeddable":true,"href":"https:\/\/kindad.eu\/en\/wp-json\/wp\/v2\/product_tag?post=695"}],"curies":[{"name":"wp","href":"https:\/\/api.w.org\/{rel}","templated":true}]}}