{"id":751,"date":"2026-03-20T12:38:56","date_gmt":"2026-03-20T12:38:56","guid":{"rendered":"https:\/\/kindad.eu\/?post_type=product&#038;p=751"},"modified":"2026-04-13T07:44:23","modified_gmt":"2026-04-13T07:44:23","slug":"keevituskindad-looma-alusnahk-taisvooder-kevlar-roheline-nr-11","status":"publish","type":"product","link":"https:\/\/kindad.eu\/en\/product\/keevituskindad-looma-alusnahk-taisvooder-kevlar-roheline-nr-11\/","title":{"rendered":"Keevituskindad looma alusnahk t\u00e4isvooder Kevlar roheline nr 11"},"content":{"rendered":"<p>Keevituskinnastel on sees peopesas puuvillasest fliisist vooder, randmeosas puuvillasest riidest vooder.\u00a0 Keevituskinnaste \u00f5mblused ei ole n\u00e4htavad ja \u00f5mblused on tugevdatud naharibadega. Kinnaste pikkus on 40 cm. Pakis 6 paari, kastis 60 paari.<\/p>\n<p>CAT II<\/p>\n<p>EN 388 &#8211; 4243X<\/p>\n<p>EN 407 &#8211; 423X4X<\/p>\n","protected":false},"excerpt":{"rendered":"<p>Keevituskinnastel on sees peopesas puuvillasest fliisist vooder, randmeosas puuvillasest riidest vooder.\u00a0 Keevituskinnaste \u00f5mblused ei ole n\u00e4htavad ja \u00f5mblused on tugevdatud naharibadega. Kinnaste pikkus on 40 cm. Pakis 6 paari, kastis 60 paari. CAT II EN 388 &#8211; 4243X EN 407 &#8211; 423X4X<\/p>\n","protected":false},"featured_media":753,"comment_status":"open","ping_status":"closed","template":"","meta":{"_monsterinsights_skip_tracking":false,"_monsterinsights_sitenote_active":false,"_monsterinsights_sitenote_note":"","_monsterinsights_sitenote_category":0},"product_brand":[],"product_cat":[89],"product_tag":[],"class_list":{"0":"post-751","1":"product","2":"type-product","3":"status-publish","4":"has-post-thumbnail","6":"product_cat-nahast-kindad","8":"first","9":"instock","10":"taxable","11":"shipping-taxable","12":"purchasable","13":"product-type-simple"},"aioseo_notices":[],"_links":{"self":[{"href":"https:\/\/kindad.eu\/en\/wp-json\/wp\/v2\/product\/751","targetHints":{"allow":["GET"]}}],"collection":[{"href":"https:\/\/kindad.eu\/en\/wp-json\/wp\/v2\/product"}],"about":[{"href":"https:\/\/kindad.eu\/en\/wp-json\/wp\/v2\/types\/product"}],"replies":[{"embeddable":true,"href":"https:\/\/kindad.eu\/en\/wp-json\/wp\/v2\/comments?post=751"}],"wp:featuredmedia":[{"embeddable":true,"href":"https:\/\/kindad.eu\/en\/wp-json\/wp\/v2\/media\/753"}],"wp:attachment":[{"href":"https:\/\/kindad.eu\/en\/wp-json\/wp\/v2\/media?parent=751"}],"wp:term":[{"taxonomy":"product_brand","embeddable":true,"href":"https:\/\/kindad.eu\/en\/wp-json\/wp\/v2\/product_brand?post=751"},{"taxonomy":"product_cat","embeddable":true,"href":"https:\/\/kindad.eu\/en\/wp-json\/wp\/v2\/product_cat?post=751"},{"taxonomy":"product_tag","embeddable":true,"href":"https:\/\/kindad.eu\/en\/wp-json\/wp\/v2\/product_tag?post=751"}],"curies":[{"name":"wp","href":"https:\/\/api.w.org\/{rel}","templated":true}]}}