{"id":762,"date":"2026-03-20T13:47:33","date_gmt":"2026-03-20T13:47:33","guid":{"rendered":"https:\/\/kindad.eu\/?post_type=product&#038;p=762"},"modified":"2026-03-20T13:53:24","modified_gmt":"2026-03-20T13:53:24","slug":"diwa-bac-kontsentraat-desinfitseeriv-norgalt-aluseline-uldpesuaine-5l","status":"publish","type":"product","link":"https:\/\/kindad.eu\/en\/product\/diwa-bac-kontsentraat-desinfitseeriv-norgalt-aluseline-uldpesuaine-5l\/","title":{"rendered":"Diwa Bac concentrate \u2013 disinfecting, weakly alkaline general detergent 5L"},"content":{"rendered":"<p>Daily disinfecting cleaning in the food industry, commercial kitchens, hotels, children&#8217;s and healthcare institutions &#8211; places where increased hygiene requirements are the norm. Also suitable for use in the home, sauna, shower and toilet rooms.<br \/>\nThe product combines both washing and disinfecting properties, the product does not contain added fragrance. Suitable for disinfecting cleaning of all water-resistant surface materials (painted, varnished, tiled, faience, plastic, wooden, etc. surfaces) and equipment. Eliminates unpleasant odors. Has a bactericidal effect on Gram+ and Gram- spore-forming and non-spore-forming bacteria, yeasts, molds.<\/p>\n<p>Use biocide safely. Always read the label and product information before use.<\/p>\n<p>Substance pH 10.5<\/p>\n<p>1. Dilution (most important)<\/p>\n<p>Normal use:<\/p>\n<p>10\u201320 ml of substance per 1 liter of water (\u2248 1\u20132% solution)<\/p>\n<p>For stronger disinfection:<\/p>\n<p>up to 50 ml \/ 1 L of water<\/p>\n<p>\ud83d\udc49 This is based on the typical dosage of similar disinfectant general cleaning agents<\/p>\n<p>2. Cleaning<\/p>\n<p>Apply the solution to the surface (with a cloth, mop or spray)<\/p>\n<p>Wash the surface evenly<\/p>\n<p>Suitable for:<\/p>\n<p>kitchen, bathroom, toilet<\/p>\n<p>sauna, shower room<\/p>\n<p>all water-resistant surfaces (tile, plastic, wood, metal, etc.)<\/p>\n<p>3. Exposure time<br \/>\nLeave it on for at least 5\u201310 minutes for the disinfectant effect to take effect<\/p>\n<p>If necessary, keep the surface moist during this time<\/p>\n<p>4. Rinsing<br \/>\nOn food surfaces: rinse with clean water<\/p>\n<p>On other surfaces: usually not necessary unless the instructions state otherwise insist<\/p>\n<p>5. Drying<br \/>\nLet dry or wipe dry<\/p>\n<p>\u26a0\ufe0f Important to remember<br \/>\nThis is a weakly alkaline substance \u2192 use gloves if necessary<\/p>\n<p>Do not mix with other chemicals<\/p>\n<p>Keep out of reach of children<\/p>\n<p>Always read the package label before use<\/p>\n","protected":false},"excerpt":{"rendered":"<p>desinfitseeriv puhastamine toiduainetet\u00f6\u00f6stuses, suurk\u00f6\u00f6kides, hotellides, laste- ja tervishoiuasutustes \u2013 kohtades, kus k\u00f5rgendatud h\u00fcgieenin\u00f5uded on normiks. Sobib kasutada ka koduses majapidamises, sauna-, du\u0161i- ja tualettruumides.<\/p>\n","protected":false},"featured_media":763,"comment_status":"open","ping_status":"closed","template":"","meta":{"_monsterinsights_skip_tracking":false,"_monsterinsights_sitenote_active":false,"_monsterinsights_sitenote_note":"","_monsterinsights_sitenote_category":0},"product_brand":[],"product_cat":[124],"product_tag":[],"class_list":{"0":"post-762","1":"product","2":"type-product","3":"status-publish","4":"has-post-thumbnail","6":"product_cat-puhastuskeemia","8":"first","9":"instock","10":"taxable","11":"shipping-taxable","12":"purchasable","13":"product-type-simple"},"aioseo_notices":[],"_links":{"self":[{"href":"https:\/\/kindad.eu\/en\/wp-json\/wp\/v2\/product\/762","targetHints":{"allow":["GET"]}}],"collection":[{"href":"https:\/\/kindad.eu\/en\/wp-json\/wp\/v2\/product"}],"about":[{"href":"https:\/\/kindad.eu\/en\/wp-json\/wp\/v2\/types\/product"}],"replies":[{"embeddable":true,"href":"https:\/\/kindad.eu\/en\/wp-json\/wp\/v2\/comments?post=762"}],"wp:featuredmedia":[{"embeddable":true,"href":"https:\/\/kindad.eu\/en\/wp-json\/wp\/v2\/media\/763"}],"wp:attachment":[{"href":"https:\/\/kindad.eu\/en\/wp-json\/wp\/v2\/media?parent=762"}],"wp:term":[{"taxonomy":"product_brand","embeddable":true,"href":"https:\/\/kindad.eu\/en\/wp-json\/wp\/v2\/product_brand?post=762"},{"taxonomy":"product_cat","embeddable":true,"href":"https:\/\/kindad.eu\/en\/wp-json\/wp\/v2\/product_cat?post=762"},{"taxonomy":"product_tag","embeddable":true,"href":"https:\/\/kindad.eu\/en\/wp-json\/wp\/v2\/product_tag?post=762"}],"curies":[{"name":"wp","href":"https:\/\/api.w.org\/{rel}","templated":true}]}}