{"id":800,"date":"2026-03-31T12:09:14","date_gmt":"2026-03-31T12:09:14","guid":{"rendered":"https:\/\/kindad.eu\/?post_type=product&#038;p=800"},"modified":"2026-03-31T12:32:20","modified_gmt":"2026-03-31T12:32:20","slug":"diversey-clax-saturn-3gp5-pesupulber-25kg","status":"publish","type":"product","link":"https:\/\/kindad.eu\/en\/product\/diversey-clax-saturn-3gp5-pesupulber-25kg\/","title":{"rendered":"Diversey Clax Saturn 3GP5 pesupulber 25kg"},"content":{"rendered":"<p><span class=\"fancy-underline\"><a href=\"https:\/\/kindad.eu\/fi\/?attachment_id=803\" rel=\"attachment wp-att-803\">Manuaal:\u00a0 \u00a0 K00106-MASTER<\/a><\/span><\/p>\n<p><span class=\"fancy-underline\"><a href=\"https:\/\/kindad.eu\/fi\/?attachment_id=804\" rel=\"attachment wp-att-804\">Clax-Saturn-3GP5-20kg-Tekstiilien-pesujauheet<\/a><\/span><\/p>\n<p>&nbsp;<\/p>\n<p>Clax Saturn on Claxi tootesarja pesuvahend, mis on loodud spetsiaalselt professionaalseks kasutamiseks \u00e4ri- ja kodupesumajades. See sobib igasuguse vee kareduse ja k\u00f5igi tugevalt m\u00e4\u00e4rdunud puuvillaste ja puuvilla-pol\u00fcesterkangaste pesemiseks. Clax Saturn on v\u00e4ga leeliseline pesupulber, mis p\u00f5hineb spetsiaalsel seebi, mitteioonsete pindaktiivsete ainete, kompleksimoodustajate, leeliste, antioks\u00fcdantide ja korrosiooni inhibiitorite valemil. Fosfaatide segu hoiab \u00e4ra ladestuste tekkimise pestud kangastele, toimib antioks\u00fcdandina ja takistab plekkide uuesti ladestumist. Clax Saturnis silikaadid on peamine leeliselisuse allikas ja neil on pesumasinates kasutatavate materjalide korrosioonivastased omadused. Toode sisaldab ka optilisi valgendajaid, mis tagavad pestud kangaste pikaajalise valgesuse. Pesuvahendiga kombineerituna eemaldab Clax Saturn t\u00f5husalt igat t\u00fc\u00fcpi rasvased ja \u00f5lised plekid. Valgendiga kombineerituna saab seda kasutada tugevalt m\u00e4\u00e4rdunud t\u00f6\u00f6riiete pesemiseks toidu-, kala- ja tapat\u00f6\u00f6stuses. Clax Saturni oluline eelis on v\u00f5ime vahele j\u00e4tta eelpesu etapp, v\u00e4hendades vee-, energia- ja pesuaega. Kasutamise omadused koos pesuvahendiga:<br \/>\n\u2022 Eemaldab t\u00f5husalt igat t\u00fc\u00fcpi plekid ja mustuse tugevalt m\u00e4\u00e4rdunud t\u00f6\u00f6riietelt;<br \/>\n\u2022 Hoiab \u00e4ra kangaste halliks muutumise ja mustuse uuesti kinnitumise;<br \/>\n\u2022 Tagab pestud kangaste pikaajalise valgesuse;<br \/>\n\u2022 Eelpesu pole vajalik, s\u00e4\u00e4stes energiat, vett ja aega;<br \/>\n\u2022 Ei s\u00f6\u00f6vita pesumasina osi;<br \/>\n\u2022 Efektiivne igasuguse vee karedusastme korral.<\/p>\n<p><img decoding=\"async\" src=\"https:\/\/www.medipment.pl\/resources\/2\/94232\" \/><\/p>\n","protected":false},"excerpt":{"rendered":"<p>Pulbriline pesuvahend tugevalt m\u00e4\u00e4rdunud t\u00f6\u00f6riiete pesemiseks<\/p>\n","protected":false},"featured_media":801,"comment_status":"open","ping_status":"closed","template":"","meta":{"_monsterinsights_skip_tracking":false,"_monsterinsights_sitenote_active":false,"_monsterinsights_sitenote_note":"","_monsterinsights_sitenote_category":0},"product_brand":[],"product_cat":[124],"product_tag":[],"class_list":{"0":"post-800","1":"product","2":"type-product","3":"status-publish","4":"has-post-thumbnail","6":"product_cat-puhastuskeemia","8":"first","9":"instock","10":"taxable","11":"shipping-taxable","12":"purchasable","13":"product-type-simple"},"aioseo_notices":[],"_links":{"self":[{"href":"https:\/\/kindad.eu\/en\/wp-json\/wp\/v2\/product\/800","targetHints":{"allow":["GET"]}}],"collection":[{"href":"https:\/\/kindad.eu\/en\/wp-json\/wp\/v2\/product"}],"about":[{"href":"https:\/\/kindad.eu\/en\/wp-json\/wp\/v2\/types\/product"}],"replies":[{"embeddable":true,"href":"https:\/\/kindad.eu\/en\/wp-json\/wp\/v2\/comments?post=800"}],"wp:featuredmedia":[{"embeddable":true,"href":"https:\/\/kindad.eu\/en\/wp-json\/wp\/v2\/media\/801"}],"wp:attachment":[{"href":"https:\/\/kindad.eu\/en\/wp-json\/wp\/v2\/media?parent=800"}],"wp:term":[{"taxonomy":"product_brand","embeddable":true,"href":"https:\/\/kindad.eu\/en\/wp-json\/wp\/v2\/product_brand?post=800"},{"taxonomy":"product_cat","embeddable":true,"href":"https:\/\/kindad.eu\/en\/wp-json\/wp\/v2\/product_cat?post=800"},{"taxonomy":"product_tag","embeddable":true,"href":"https:\/\/kindad.eu\/en\/wp-json\/wp\/v2\/product_tag?post=800"}],"curies":[{"name":"wp","href":"https:\/\/api.w.org\/{rel}","templated":true}]}}