{"id":806,"date":"2026-03-31T12:51:29","date_gmt":"2026-03-31T12:51:29","guid":{"rendered":"https:\/\/kindad.eu\/?post_type=product&#038;p=806"},"modified":"2026-03-31T12:55:40","modified_gmt":"2026-03-31T12:55:40","slug":"clax-activ-42c1-10kg","status":"publish","type":"product","link":"https:\/\/kindad.eu\/en\/product\/clax-activ-42c1-10kg\/","title":{"rendered":"Clax Activ 42C1  bleaching agent 10kg"},"content":{"rendered":"<p>Clax Activ conc on spetsiaalselt professionaalseks tekstiilipesuks v\u00e4lja t\u00f6\u00f6tatud pleegitusaine. Toodet kasutatakse loputusts\u00fcklis temperatuuril 40\u201360 \u00b0C.<br \/>\nSeda saab kasutada peaaegu igat t\u00fc\u00fcpi valgete tekstiilide puhul.<br \/>\nClax Activ conc on efektiivne keskmise temperatuuriga pleegitusmeetod, mis p\u00f5hineb isots\u00fcanuraadil, leelissooladel ja pleegitusstabilisaatoritel. Pleegitush\u00fcpoklorit tekib isots\u00fcanuraadi lahustumisel vees. Leelissoolad v\u00e4hendavad kloori p\u00f5hjustatud ebameeldivaid l\u00f5hnu.<br \/>\nToodet saab kasutada valgete tekstiilide puhul. Seda ei tohiks kasutada v\u00e4rviliste tekstiilide pleegitamiseks, v\u00e4lja arvatud kloorikindlad operatsioonitoa tekstiilid.<br \/>\nHea pleegitust\u00f5hususe saavutamiseks minimaalse kiukahjustusega peaks pleegitustemperatuur olema 40\u201360 \u00b0C ja lahuse pH \u00fcle 10. Lahustumatu isots\u00fcanuraat v\u00f5ib p\u00f5hjustada tekstiilide perforatsiooni, seega tuleb j\u00e4lgida, et Clax Activ conc lahustuks h\u00e4sti.<br \/>\nPakend: 10 kg \u00e4mber.<\/p>\n<p>Clax Activ conc desinfitseerib ka tekstiile, kui temperatuur, pH tingimused ja kokkupuuteaeg on \u00f5iged. M\u00e4rkus! Seda t\u00fc\u00fcpi pleegitusmeetodit ei tohiks kasutada kloorheksidiini j\u00e4\u00e4kidega tekstiilidel. Kloori sisaldava pleegitaja kasutamist tuleks v\u00e4ltida ka ens\u00fc\u00fcme sisaldavate pesuvahenditega, kuna kloor v\u00e4hendab ens\u00fc\u00fcmide efektiivsust.<\/p>\n<p>Kasutusjuhend:<br \/>\nDoos kohandatakse vastavalt tekstiili t\u00fc\u00fcbile.<br \/>\nDooseerimissoovitus: 9 g\/kg kuiva tekstiili kohta temperatuuril 22\u201328 \u00b0C<br \/>\n3,5\u20136 g\/kg kuiva tekstiili kohta temperatuuril 50\u201360 \u00b0C<br \/>\nKasutamisel tuleb arvestada:<br \/>\nHea pleegitust\u00f5hususe saavutamiseks peaks temperatuur olema 40\u201360 \u00b0C (alla 40 \u00b0C laguneb isots\u00fcanuraadi liiga aeglaselt).<br \/>\nSellel temperatuuril peaks pH olema \u00fcle 10.<br \/>\nM\u00e4rkus: Kui pH langeb alla 9,5, suureneb kloori aktiivsus, kuna lahuses tekib rohkem h\u00fcpokloorhapet. See on oluliselt tugevam kui h\u00fcpoklorit ja p\u00f5hjustab rohkem kiukahjustusi.<br \/>\nSeet\u00f5ttu on pesulahuse pH kontrollimine oluline.<br \/>\nKui pH on k\u00f5rgem, v\u00e4heneb kloori aktiivsus ja saab kasutada k\u00f5rgemat temperatuuri. Kui pH on umbes 10,5, saab pleegitada temperatuuril 50\u201355 \u00b0C.<br \/>\nH\u00fcpoklorit reageerib kloorheksidiiniga, p\u00f5hjustades pruune plekke, mida on peaaegu v\u00f5imatu eemaldada.<br \/>\nP\u00e4rast pleegitamist loputusfaasis tuleb tagada kloorij\u00e4\u00e4kide neutraliseerimine (Clax Cid, vt eraldi tootelehte).<br \/>\nEbapiisav neutraliseerimine p\u00f5hjustab tekstiilide kollasust ja suurendab kiudude kahjustumist kuivatusfaasis.<br \/>\nLahustumatud isots\u00fcanuraat v\u00f5ib p\u00f5hjustada tekstiilide perforatsiooni.<br \/>\n\u00c4rge kasutage Clax Activ conci nailonmaterjalidel (pol\u00fcamiid; nt HTN-vaibad). Clax Activ conci lisatakse tavaliselt loputusfaasi, kuid m\u00f5nel juhul ka p\u00f5hipesule.<\/p>\n","protected":false},"excerpt":{"rendered":"<p>Clax Activ conc on spetsiaalselt professionaalseks tekstiilipesuks v\u00e4lja t\u00f6\u00f6tatud pleegitusaine. Toodet kasutatakse loputusts\u00fcklis temperatuuril 40\u201360 \u00b0C. Seda saab kasutada peaaegu igat t\u00fc\u00fcpi valgete tekstiilide puhul. Clax Activ conc on efektiivne keskmise temperatuuriga pleegitusmeetod, mis p\u00f5hineb isots\u00fcanuraadil, leelissooladel ja pleegitusstabilisaatoritel. Pleegitush\u00fcpoklorit tekib isots\u00fcanuraadi lahustumisel vees. Leelissoolad v\u00e4hendavad kloori p\u00f5hjustatud ebameeldivaid l\u00f5hnu. Toodet saab kasutada valgete tekstiilide [&#8230;]\n","protected":false},"featured_media":807,"comment_status":"open","ping_status":"closed","template":"","meta":{"_monsterinsights_skip_tracking":false,"_monsterinsights_sitenote_active":false,"_monsterinsights_sitenote_note":"","_monsterinsights_sitenote_category":0},"product_brand":[],"product_cat":[124],"product_tag":[],"class_list":{"0":"post-806","1":"product","2":"type-product","3":"status-publish","4":"has-post-thumbnail","6":"product_cat-puhastuskeemia","8":"first","9":"instock","10":"taxable","11":"shipping-taxable","12":"purchasable","13":"product-type-simple"},"aioseo_notices":[],"_links":{"self":[{"href":"https:\/\/kindad.eu\/en\/wp-json\/wp\/v2\/product\/806","targetHints":{"allow":["GET"]}}],"collection":[{"href":"https:\/\/kindad.eu\/en\/wp-json\/wp\/v2\/product"}],"about":[{"href":"https:\/\/kindad.eu\/en\/wp-json\/wp\/v2\/types\/product"}],"replies":[{"embeddable":true,"href":"https:\/\/kindad.eu\/en\/wp-json\/wp\/v2\/comments?post=806"}],"wp:featuredmedia":[{"embeddable":true,"href":"https:\/\/kindad.eu\/en\/wp-json\/wp\/v2\/media\/807"}],"wp:attachment":[{"href":"https:\/\/kindad.eu\/en\/wp-json\/wp\/v2\/media?parent=806"}],"wp:term":[{"taxonomy":"product_brand","embeddable":true,"href":"https:\/\/kindad.eu\/en\/wp-json\/wp\/v2\/product_brand?post=806"},{"taxonomy":"product_cat","embeddable":true,"href":"https:\/\/kindad.eu\/en\/wp-json\/wp\/v2\/product_cat?post=806"},{"taxonomy":"product_tag","embeddable":true,"href":"https:\/\/kindad.eu\/en\/wp-json\/wp\/v2\/product_tag?post=806"}],"curies":[{"name":"wp","href":"https:\/\/api.w.org\/{rel}","templated":true}]}}