{"id":228,"date":"2026-02-16T13:07:35","date_gmt":"2026-02-16T13:07:35","guid":{"rendered":"https:\/\/kindad.eu\/?post_type=product&#038;p=228"},"modified":"2026-02-16T13:07:35","modified_gmt":"2026-02-16T13:07:35","slug":"nitriilkindad-black-label-xssmlxl","status":"publish","type":"product","link":"https:\/\/kindad.eu\/fi\/product\/nitriilkindad-black-label-xssmlxl\/","title":{"rendered":"Nitriilik\u00e4sineet Black Label  XS,S,M,L,XL"},"content":{"rendered":"<p>Suunniteltu l\u00e4\u00e4kinn\u00e4llisiin tutkimuksiin, HORECA-ymp\u00e4rist\u00f6ihin ja eri teollisuudenaloille, n\u00e4m\u00e4 nitriilitutkimusk\u00e4sineet tarjoavat 3,5G paksuuden, joka luo t\u00e4ydellisen tasapainon suojan ja tuntoherkkyyden v\u00e4lill\u00e4.<\/p>\n<p>Teksturoitujen sormenp\u00e4iden ansiosta k\u00e4sineet takaavat varman otteen sek\u00e4 m\u00e4riss\u00e4 ett\u00e4 kuivissa olosuhteissa, parantaen tarkkuutta ja hallintaa. Lateksiton rakenne minimoi allergisten reaktioiden riskin, painottaen turvallisuutta ja mukavuutta.<\/p>\n<p>Merkinn\u00e4t ja standardienmukaisuus: EN ISO 374-1, EN 374-2, EN 374-3, EN 455-1, EN 455-2, EN 455-3, EN 455-4, EN 1186, EN 1149-2, ASTM D6319, ASTM D7319<\/p>\n<p>Valmistettu Euroopassa  https:\/\/ppsgloves.com\/<\/p>\n<p>Labelling &#038; Conformity to standards: EN ISO 374-1, EN 374-2, EN, EN 374-3, EN 455-1, EN 455-2, EN 455-3, EN 455-4, EN 1186, EN 1149:2, ASTM D6319, ASTM D7319<\/p>\n<p>\tFood safe<\/p>\n","protected":false},"excerpt":{"rendered":"<p>Kehitetty l\u00e4\u00e4ketieteelliseen tutkimukseen, HoReCa-ymp\u00e4rist\u00f6ihin ja eri toimialoihin,<\/p>\n<p>Laadukkaat nitriilik\u00e4sineet 100 kpl laatikossa.<\/p>\n<p>Paksuus 0,07 mm<\/p>\n<p>Sormien paksuus on 0,09 mm<\/p>\n<p>Murtolujuus 6-8N<\/p>\n<p>Valmistettu Euroopassa<\/p>\n","protected":false},"featured_media":117,"comment_status":"closed","ping_status":"closed","template":"","meta":{"_monsterinsights_skip_tracking":false,"_monsterinsights_sitenote_active":false,"_monsterinsights_sitenote_note":"","_monsterinsights_sitenote_category":0},"product_brand":[],"product_cat":[18],"product_tag":[],"class_list":{"0":"post-228","1":"product","2":"type-product","3":"status-publish","4":"has-post-thumbnail","6":"product_cat-maaramata","8":"first","9":"outofstock","10":"taxable","11":"shipping-taxable","12":"product-type-variable"},"aioseo_notices":[],"_links":{"self":[{"href":"https:\/\/kindad.eu\/fi\/wp-json\/wp\/v2\/product\/228","targetHints":{"allow":["GET"]}}],"collection":[{"href":"https:\/\/kindad.eu\/fi\/wp-json\/wp\/v2\/product"}],"about":[{"href":"https:\/\/kindad.eu\/fi\/wp-json\/wp\/v2\/types\/product"}],"replies":[{"embeddable":true,"href":"https:\/\/kindad.eu\/fi\/wp-json\/wp\/v2\/comments?post=228"}],"wp:featuredmedia":[{"embeddable":true,"href":"https:\/\/kindad.eu\/fi\/wp-json\/wp\/v2\/media\/117"}],"wp:attachment":[{"href":"https:\/\/kindad.eu\/fi\/wp-json\/wp\/v2\/media?parent=228"}],"wp:term":[{"taxonomy":"product_brand","embeddable":true,"href":"https:\/\/kindad.eu\/fi\/wp-json\/wp\/v2\/product_brand?post=228"},{"taxonomy":"product_cat","embeddable":true,"href":"https:\/\/kindad.eu\/fi\/wp-json\/wp\/v2\/product_cat?post=228"},{"taxonomy":"product_tag","embeddable":true,"href":"https:\/\/kindad.eu\/fi\/wp-json\/wp\/v2\/product_tag?post=228"}],"curies":[{"name":"wp","href":"https:\/\/api.w.org\/{rel}","templated":true}]}}