{"id":229,"date":"2026-02-16T13:07:35","date_gmt":"2026-02-16T13:07:35","guid":{"rendered":"https:\/\/kindad.eu\/?post_type=product&#038;p=229"},"modified":"2026-03-24T15:19:09","modified_gmt":"2026-03-24T15:19:09","slug":"majapidamiskindad-lateks-ansell-87-195","status":"publish","type":"product","link":"https:\/\/kindad.eu\/fi\/product\/majapidamiskindad-lateks-ansell-87-195\/","title":{"rendered":"Kotitalousk\u00e4sineet lateksi ANSELL 87-195  NR 8-9"},"content":{"rendered":"<p>Ultrakevyet, eritt\u00e4in herk\u00e4t Ansell 87-195 kotitalousk\u00e4sineet elintarviketeollisuuteen, erityisesti k\u00e4sitelty v\u00e4hent\u00e4m\u00e4\u00e4n allergiariski\u00e4. AlphaTec\u00ae 87-195 suojak\u00e4sineill\u00e4 on elintarvikkeiden k\u00e4sittelytodistus. 100 % puuvillavuori v\u00e4hent\u00e4\u00e4 hikoilua ja ep\u00e4mukavuutta. EN 374 tyypin B kemiallinen suoja mietoja happoja, el\u00e4inrasvoja, \u00f6ljyj\u00e4, pesuaineita ja alkoholeja vastaan.<\/p>\n<p>Vaatimustenmukaisuustodistukset:<\/p>\n<p>CAT III<\/p>\n<p>EN 388:2016 +A1:2018 \u2013 1010X<\/p>\n<p>EN ISO 21420:2020<\/p>\n<p>EN ISO 374-1:2016 (tyyppi B \u2013 KLT)<\/p>\n<p>EN ISO 374-5:2016 (virus)<\/p>\n<p>EN 421:2010 (Suojak\u00e4sineet ionisoivaa s\u00e4teily\u00e4 ja radioaktiivista kontaminaatiota vastaan)<\/p>\n","protected":false},"excerpt":{"rendered":"<div class=\"woocommerce-product-details__short-description\">\n<p>-Materjal: lateks<\/p>\n<p>-Sobivad toiduainet\u00f6\u00f6stusele<\/p>\n<p>-Keemiakaitse<\/p>\n<p>-100% puuvillavooder<\/p>\n<p>-Hea tundlikkus<\/p>\n<p>-Pikkus 30,5cm<\/p>\n<p>-Paksus 0,35mm<\/p>\n<p>-12 paari pakis<\/p>\n<p>-Kastis 144 paari<\/p>\n<\/div>\n<div class=\"product_meta\"><span class=\"sku_wrapper\">Tootekood:\u00a0<span class=\"sku\">AN87-195<\/span><\/span><\/div>\n","protected":false},"featured_media":120,"comment_status":"closed","ping_status":"closed","template":"","meta":{"_monsterinsights_skip_tracking":false,"_monsterinsights_sitenote_active":false,"_monsterinsights_sitenote_note":"","_monsterinsights_sitenote_category":0},"product_brand":[],"product_cat":[81],"product_tag":[],"class_list":{"0":"post-229","1":"product","2":"type-product","3":"status-publish","4":"has-post-thumbnail","6":"product_cat-nitriilkindad","8":"first","9":"instock","10":"taxable","11":"shipping-taxable","12":"purchasable","13":"product-type-simple"},"aioseo_notices":[],"_links":{"self":[{"href":"https:\/\/kindad.eu\/fi\/wp-json\/wp\/v2\/product\/229","targetHints":{"allow":["GET"]}}],"collection":[{"href":"https:\/\/kindad.eu\/fi\/wp-json\/wp\/v2\/product"}],"about":[{"href":"https:\/\/kindad.eu\/fi\/wp-json\/wp\/v2\/types\/product"}],"replies":[{"embeddable":true,"href":"https:\/\/kindad.eu\/fi\/wp-json\/wp\/v2\/comments?post=229"}],"wp:featuredmedia":[{"embeddable":true,"href":"https:\/\/kindad.eu\/fi\/wp-json\/wp\/v2\/media\/120"}],"wp:attachment":[{"href":"https:\/\/kindad.eu\/fi\/wp-json\/wp\/v2\/media?parent=229"}],"wp:term":[{"taxonomy":"product_brand","embeddable":true,"href":"https:\/\/kindad.eu\/fi\/wp-json\/wp\/v2\/product_brand?post=229"},{"taxonomy":"product_cat","embeddable":true,"href":"https:\/\/kindad.eu\/fi\/wp-json\/wp\/v2\/product_cat?post=229"},{"taxonomy":"product_tag","embeddable":true,"href":"https:\/\/kindad.eu\/fi\/wp-json\/wp\/v2\/product_tag?post=229"}],"curies":[{"name":"wp","href":"https:\/\/api.w.org\/{rel}","templated":true}]}}