{"id":234,"date":"2026-02-16T13:07:35","date_gmt":"2026-02-16T13:07:35","guid":{"rendered":"https:\/\/kindad.eu\/?post_type=product&#038;p=234"},"modified":"2026-02-19T19:07:37","modified_gmt":"2026-02-19T19:07:37","slug":"m-unigloves-nitriilkindad-uniprotect-blue-nitril","status":"publish","type":"product","link":"https:\/\/kindad.eu\/fi\/product\/m-unigloves-nitriilkindad-uniprotect-blue-nitril\/","title":{"rendered":"\u2013 M \u2013 koko Unigloves nitriilik\u00e4sineet \u2013 Uniprotect Blue Nitril100 kpl"},"content":{"rendered":"<p><strong>Ominaisuudet:\u00a0<\/strong><\/p>\n<p>1 pk -100kpl<\/p>\n<ul>\n<li>Puuteriton.<\/li>\n<li>Ei steriili.<\/li>\n<li>Kest\u00e4v\u00e4t kemikaaleja.<\/li>\n<li>Karhennetut sormenp\u00e4\u00e4t.<\/li>\n<li>Hyv\u00e4 tunnettavuus.<\/li>\n<li>Kosketus elintarvikkeisiin sallittu.<\/li>\n<li>Sopivat sek\u00e4 vasempaan ett\u00e4 oikeaan k\u00e4teen.<\/li>\n<li>Pituus 240 mm.<\/li>\n<\/ul>\n<p>Kertak\u00e4ytt\u00f6k\u00e4sine on testattu henkil\u00f6nsuojaimia koskevan asetuksen (EU) 2016\/425 ja eurooppalaisen standardin EN 374 mukaisesti ja se suojaa viruksilta, sienilt\u00e4 ja bakteereilta vedenpit\u00e4v\u00e4n, kest\u00e4v\u00e4n materiaalinsa ansiosta.<\/p>\n","protected":false},"excerpt":{"rendered":"<p>Korkealaatuiset v\u00e4rikk\u00e4\u00e4t nitriilikertak\u00e4ytt\u00f6k\u00e4sineet. K\u00e4siss\u00e4 yht\u00e4 miellytt\u00e4v\u00e4t kuin lateksik\u00e4sineet. Vastaavat kokoja 6-7.<\/p>\n","protected":false},"featured_media":128,"comment_status":"closed","ping_status":"closed","template":"","meta":{"_monsterinsights_skip_tracking":false,"_monsterinsights_sitenote_active":false,"_monsterinsights_sitenote_note":"","_monsterinsights_sitenote_category":0},"product_brand":[],"product_cat":[81],"product_tag":[],"class_list":{"0":"post-234","1":"product","2":"type-product","3":"status-publish","4":"has-post-thumbnail","6":"product_cat-nitriilkindad","8":"first","9":"instock","10":"taxable","11":"shipping-taxable","12":"purchasable","13":"product-type-simple"},"aioseo_notices":[],"_links":{"self":[{"href":"https:\/\/kindad.eu\/fi\/wp-json\/wp\/v2\/product\/234","targetHints":{"allow":["GET"]}}],"collection":[{"href":"https:\/\/kindad.eu\/fi\/wp-json\/wp\/v2\/product"}],"about":[{"href":"https:\/\/kindad.eu\/fi\/wp-json\/wp\/v2\/types\/product"}],"replies":[{"embeddable":true,"href":"https:\/\/kindad.eu\/fi\/wp-json\/wp\/v2\/comments?post=234"}],"wp:featuredmedia":[{"embeddable":true,"href":"https:\/\/kindad.eu\/fi\/wp-json\/wp\/v2\/media\/128"}],"wp:attachment":[{"href":"https:\/\/kindad.eu\/fi\/wp-json\/wp\/v2\/media?parent=234"}],"wp:term":[{"taxonomy":"product_brand","embeddable":true,"href":"https:\/\/kindad.eu\/fi\/wp-json\/wp\/v2\/product_brand?post=234"},{"taxonomy":"product_cat","embeddable":true,"href":"https:\/\/kindad.eu\/fi\/wp-json\/wp\/v2\/product_cat?post=234"},{"taxonomy":"product_tag","embeddable":true,"href":"https:\/\/kindad.eu\/fi\/wp-json\/wp\/v2\/product_tag?post=234"}],"curies":[{"name":"wp","href":"https:\/\/api.w.org\/{rel}","templated":true}]}}