{"id":237,"date":"2026-02-16T13:07:35","date_gmt":"2026-02-16T13:07:35","guid":{"rendered":"https:\/\/kindad.eu\/?post_type=product&#038;p=237"},"modified":"2026-02-19T19:09:36","modified_gmt":"2026-02-19T19:09:36","slug":"m-latekskindad-must-select-black-premium","status":"publish","type":"product","link":"https:\/\/kindad.eu\/fi\/product\/m-latekskindad-must-select-black-premium\/","title":{"rendered":"M Lateksik\u00e4sineet Musta, Select Black Premium"},"content":{"rendered":"<p>Lateksik\u00e4sineet Musta, Premium M<br \/>\nParempi kuin nitriili, joustavat, kest\u00e4v\u00e4t, mutta: lateksiproteiinit voivat yleisesti aiheuttaa allergiaa.<br \/>\nJoustavat hyvin. Premium-laatua. Sis\u00e4lt\u00e4 kuin samettia.<br \/>\n1 paketti, Saksa<\/p>\n","protected":false},"excerpt":{"rendered":"<p>Lateksik\u00e4sineet Musta, Premium M Parempi kuin nitriili, joustavat, kest\u00e4v\u00e4t, mutta: lateksiproteiinit voivat yleisesti aiheuttaa allergiaa. Joustavat hyvin. Premium-laatua. Sis\u00e4lt\u00e4 kuin samettia. 1 paketti, Saksa<\/p>\n","protected":false},"featured_media":129,"comment_status":"closed","ping_status":"closed","template":"","meta":{"_monsterinsights_skip_tracking":false,"_monsterinsights_sitenote_active":false,"_monsterinsights_sitenote_note":"","_monsterinsights_sitenote_category":0},"product_brand":[],"product_cat":[81],"product_tag":[],"class_list":{"0":"post-237","1":"product","2":"type-product","3":"status-publish","4":"has-post-thumbnail","6":"product_cat-nitriilkindad","8":"first","9":"instock","10":"taxable","11":"shipping-taxable","12":"purchasable","13":"product-type-simple"},"aioseo_notices":[],"_links":{"self":[{"href":"https:\/\/kindad.eu\/fi\/wp-json\/wp\/v2\/product\/237","targetHints":{"allow":["GET"]}}],"collection":[{"href":"https:\/\/kindad.eu\/fi\/wp-json\/wp\/v2\/product"}],"about":[{"href":"https:\/\/kindad.eu\/fi\/wp-json\/wp\/v2\/types\/product"}],"replies":[{"embeddable":true,"href":"https:\/\/kindad.eu\/fi\/wp-json\/wp\/v2\/comments?post=237"}],"wp:featuredmedia":[{"embeddable":true,"href":"https:\/\/kindad.eu\/fi\/wp-json\/wp\/v2\/media\/129"}],"wp:attachment":[{"href":"https:\/\/kindad.eu\/fi\/wp-json\/wp\/v2\/media?parent=237"}],"wp:term":[{"taxonomy":"product_brand","embeddable":true,"href":"https:\/\/kindad.eu\/fi\/wp-json\/wp\/v2\/product_brand?post=237"},{"taxonomy":"product_cat","embeddable":true,"href":"https:\/\/kindad.eu\/fi\/wp-json\/wp\/v2\/product_cat?post=237"},{"taxonomy":"product_tag","embeddable":true,"href":"https:\/\/kindad.eu\/fi\/wp-json\/wp\/v2\/product_tag?post=237"}],"curies":[{"name":"wp","href":"https:\/\/api.w.org\/{rel}","templated":true}]}}