{"id":243,"date":"2026-02-16T13:07:35","date_gmt":"2026-02-16T13:07:35","guid":{"rendered":"https:\/\/kindad.eu\/?post_type=product&#038;p=243"},"modified":"2026-02-16T13:12:37","modified_gmt":"2026-02-16T13:12:37","slug":"vinuulkindad-puudrita-ideal-light-100tk","status":"publish","type":"product","link":"https:\/\/kindad.eu\/fi\/product\/vinuulkindad-puudrita-ideal-light-100tk\/","title":{"rendered":"Vinyylik\u00e4sineet Ideal Light 100 kpl"},"content":{"rendered":"<p>Kertak\u00e4ytt\u00f6iset puuterittomat vinyylik\u00e4sineet ovat 24 cm pitki\u00e4. Allergiavapaa, ihoyst\u00e4v\u00e4llinen ja hyv\u00e4 kosketusherkkyys. Kertak\u00e4ytt\u00f6iset vinyylik\u00e4sineet ovat repeytym\u00e4tt\u00f6mi\u00e4 ja joustavia, ja niiss\u00e4 on rullareunat. Kumihanskoja voi k\u00e4ytt\u00e4\u00e4 molemmin puolin.<\/p>\n<p>Ideal Light -vinyylik\u00e4sineet kest\u00e4v\u00e4t biologisia vaaroja. Siksi ne soveltuvat erityisen hyvin elintarvikejalostukseen, gastronomiaan, teollisuuteen, l\u00e4\u00e4ketieteeseen ja sairaanhoitoon.<\/p>\n<p>Ihanteellinen (edullinen) ratkaisu yrityksille, jotka k\u00e4ytt\u00e4v\u00e4t eritt\u00e4in suuria m\u00e4\u00e4ri\u00e4 k\u00e4sineit\u00e4.<\/p>\n<p>Pakkauksessa on 100 hanskaa, laatikossa 10 kpl.<\/p>\n<p>Sertifikaatit:<\/p>\n<p>CE-merkki<\/p>\n<p>CAT III<\/p>\n<p>EN 420:2003 + A1: 2009<\/p>\n<p>EN 374-1 ja 374-5 virukset<\/p>\n<p>EN 455<\/p>\n<p>Elintarviketurvallisuustodistus<\/p>\n","protected":false},"excerpt":{"rendered":"<p>Monipuolinen, jokaista k\u00e4sinett\u00e4 voidaan k\u00e4ytt\u00e4\u00e4 molemmin k\u00e4sin<br \/>\n&#8211; Allergiavapaa ja ihoyst\u00e4v\u00e4llinen<br \/>\n&#8211; Edullinen vaihtoehto lateksi- tai nitriilik\u00e4sineille<\/p>\n","protected":false},"featured_media":145,"comment_status":"closed","ping_status":"closed","template":"","meta":{"_monsterinsights_skip_tracking":false,"_monsterinsights_sitenote_active":false,"_monsterinsights_sitenote_note":"","_monsterinsights_sitenote_category":0},"product_brand":[],"product_cat":[81],"product_tag":[],"class_list":{"0":"post-243","1":"product","2":"type-product","3":"status-publish","4":"has-post-thumbnail","6":"product_cat-nitriilkindad","8":"first","9":"outofstock","10":"taxable","11":"shipping-taxable","12":"product-type-variable"},"aioseo_notices":[],"_links":{"self":[{"href":"https:\/\/kindad.eu\/fi\/wp-json\/wp\/v2\/product\/243","targetHints":{"allow":["GET"]}}],"collection":[{"href":"https:\/\/kindad.eu\/fi\/wp-json\/wp\/v2\/product"}],"about":[{"href":"https:\/\/kindad.eu\/fi\/wp-json\/wp\/v2\/types\/product"}],"replies":[{"embeddable":true,"href":"https:\/\/kindad.eu\/fi\/wp-json\/wp\/v2\/comments?post=243"}],"wp:featuredmedia":[{"embeddable":true,"href":"https:\/\/kindad.eu\/fi\/wp-json\/wp\/v2\/media\/145"}],"wp:attachment":[{"href":"https:\/\/kindad.eu\/fi\/wp-json\/wp\/v2\/media?parent=243"}],"wp:term":[{"taxonomy":"product_brand","embeddable":true,"href":"https:\/\/kindad.eu\/fi\/wp-json\/wp\/v2\/product_brand?post=243"},{"taxonomy":"product_cat","embeddable":true,"href":"https:\/\/kindad.eu\/fi\/wp-json\/wp\/v2\/product_cat?post=243"},{"taxonomy":"product_tag","embeddable":true,"href":"https:\/\/kindad.eu\/fi\/wp-json\/wp\/v2\/product_tag?post=243"}],"curies":[{"name":"wp","href":"https:\/\/api.w.org\/{rel}","templated":true}]}}