{"id":246,"date":"2026-02-16T13:07:35","date_gmt":"2026-02-16T13:07:35","guid":{"rendered":"https:\/\/kindad.eu\/?post_type=product&#038;p=246"},"modified":"2026-02-19T19:18:58","modified_gmt":"2026-02-19T19:18:58","slug":"s-nitriilkindad-puudrita-safe-super-stretch-100tk-must","status":"publish","type":"product","link":"https:\/\/kindad.eu\/fi\/product\/s-nitriilkindad-puudrita-safe-super-stretch-100tk-must\/","title":{"rendered":"S-Nitriilik\u00e4sineet puuterittomat Safe Super Stretch 100kpl mustat"},"content":{"rendered":"<p>Eritt\u00e4in hyv\u00e4laatuiset kertak\u00e4ytt\u00f6iset nitriilik\u00e4sineet, jotka kest\u00e4v\u00e4t erilaisia \u200b\u200bkemikaaleja, \u00f6ljyj\u00e4 ja rasvoja. N\u00e4m\u00e4 nitriilik\u00e4sineet ovat puuterittomia, allergiavapaita, eritt\u00e4in joustavia ja repeytym\u00e4tt\u00f6mi\u00e4. K\u00e4sineen pituus on 24 cm, sormenp\u00e4\u00e4t on hieman karhennettu paremman otteen takaamiseksi. Kumik\u00e4sineet soveltuvat k\u00e4ytett\u00e4v\u00e4ksi l\u00e4\u00e4ketieteess\u00e4, elintarviketeollisuudessa jne.<\/p>\n<p>Todistukset:<br \/>\nCE-merkki<br \/>\nCAT III<br \/>\nElintarviketurvallisuustodistus<br \/>\nEN 374-1:2016<br \/>\nEN 374-5:2016<br \/>\nEN 420<br \/>\nEN 455 1-4<\/p>\n","protected":false},"excerpt":{"rendered":"<p>&#8211; Strukturoidut sormenp\u00e4\u00e4t<br \/>\n&#8211; Soveltuu k\u00e4ytett\u00e4v\u00e4ksi elintarviketeollisuudessa ja l\u00e4\u00e4ketieteess\u00e4<br \/>\n&#8211; Kemikaaleja kest\u00e4v\u00e4 ja \u00f6ljynkest\u00e4v\u00e4<\/p>\n","protected":false},"featured_media":149,"comment_status":"closed","ping_status":"closed","template":"","meta":{"_monsterinsights_skip_tracking":false,"_monsterinsights_sitenote_active":false,"_monsterinsights_sitenote_note":"","_monsterinsights_sitenote_category":0},"product_brand":[],"product_cat":[81],"product_tag":[],"class_list":{"0":"post-246","1":"product","2":"type-product","3":"status-publish","4":"has-post-thumbnail","6":"product_cat-nitriilkindad","8":"first","9":"outofstock","10":"taxable","11":"shipping-taxable","12":"purchasable","13":"product-type-simple"},"aioseo_notices":[],"_links":{"self":[{"href":"https:\/\/kindad.eu\/fi\/wp-json\/wp\/v2\/product\/246","targetHints":{"allow":["GET"]}}],"collection":[{"href":"https:\/\/kindad.eu\/fi\/wp-json\/wp\/v2\/product"}],"about":[{"href":"https:\/\/kindad.eu\/fi\/wp-json\/wp\/v2\/types\/product"}],"replies":[{"embeddable":true,"href":"https:\/\/kindad.eu\/fi\/wp-json\/wp\/v2\/comments?post=246"}],"wp:featuredmedia":[{"embeddable":true,"href":"https:\/\/kindad.eu\/fi\/wp-json\/wp\/v2\/media\/149"}],"wp:attachment":[{"href":"https:\/\/kindad.eu\/fi\/wp-json\/wp\/v2\/media?parent=246"}],"wp:term":[{"taxonomy":"product_brand","embeddable":true,"href":"https:\/\/kindad.eu\/fi\/wp-json\/wp\/v2\/product_brand?post=246"},{"taxonomy":"product_cat","embeddable":true,"href":"https:\/\/kindad.eu\/fi\/wp-json\/wp\/v2\/product_cat?post=246"},{"taxonomy":"product_tag","embeddable":true,"href":"https:\/\/kindad.eu\/fi\/wp-json\/wp\/v2\/product_tag?post=246"}],"curies":[{"name":"wp","href":"https:\/\/api.w.org\/{rel}","templated":true}]}}