{"id":249,"date":"2026-02-16T13:07:35","date_gmt":"2026-02-16T13:07:35","guid":{"rendered":"https:\/\/kindad.eu\/?post_type=product&#038;p=249"},"modified":"2026-02-19T19:20:01","modified_gmt":"2026-02-19T19:20:01","slug":"m-latekskindad-puudrita-grip-100tk","status":"publish","type":"product","link":"https:\/\/kindad.eu\/fi\/product\/m-latekskindad-puudrita-grip-100tk\/","title":{"rendered":"M-Latex k\u00e4sineet puuteriton Grip 100kpl"},"content":{"rendered":"<p>N\u00e4m\u00e4 puuterittomat, laadukkaat lateksik\u00e4sineet ovat 24 cm pitki\u00e4, rullareunat ja karhennettujen sormenp\u00e4iden ansiosta niiss\u00e4 on erinomainen pito. K\u00e4sineet ovat rep\u00e4isynkest\u00e4v\u00e4t, kest\u00e4v\u00e4t, joustavat ja mukavat k\u00e4ytt\u00e4\u00e4. Kumik\u00e4sineet soveltuvat k\u00e4ytett\u00e4v\u00e4ksi elintarviketeollisuudessa ja l\u00e4\u00e4ketieteess\u00e4. Suojaa k\u00e4si\u00e4 kevyemmilt\u00e4 liuoksilta ja kemikaaleilta.<\/p>\n<p>Kertak\u00e4ytt\u00f6isten henkil\u00f6nsuojainten todistus, CAT III<\/p>\n<p>EN 374-4:2013<\/p>\n<p>EN 374-5:2016 VIRUS<\/p>\n<p>EN 420:2003+A1:2009<\/p>\n<p>EN ISO 374-1:2016 (tyyppi B)<\/p>\n","protected":false},"excerpt":{"rendered":"<p>&#8211; Strukturoidut sormenp\u00e4\u00e4t<br \/>\n&#8211; Soveltuu k\u00e4ytett\u00e4v\u00e4ksi elintarviketeollisuudessa<br \/>\n&#8211; Kest\u00e4\u00e4 kevyempi\u00e4 liuottimia ja kemikaaleja<\/p>\n","protected":false},"featured_media":152,"comment_status":"closed","ping_status":"closed","template":"","meta":{"_monsterinsights_skip_tracking":false,"_monsterinsights_sitenote_active":false,"_monsterinsights_sitenote_note":"","_monsterinsights_sitenote_category":0},"product_brand":[],"product_cat":[18],"product_tag":[],"class_list":{"0":"post-249","1":"product","2":"type-product","3":"status-publish","4":"has-post-thumbnail","6":"product_cat-maaramata","8":"first","9":"outofstock","10":"taxable","11":"shipping-taxable","12":"purchasable","13":"product-type-simple"},"aioseo_notices":[],"_links":{"self":[{"href":"https:\/\/kindad.eu\/fi\/wp-json\/wp\/v2\/product\/249","targetHints":{"allow":["GET"]}}],"collection":[{"href":"https:\/\/kindad.eu\/fi\/wp-json\/wp\/v2\/product"}],"about":[{"href":"https:\/\/kindad.eu\/fi\/wp-json\/wp\/v2\/types\/product"}],"replies":[{"embeddable":true,"href":"https:\/\/kindad.eu\/fi\/wp-json\/wp\/v2\/comments?post=249"}],"wp:featuredmedia":[{"embeddable":true,"href":"https:\/\/kindad.eu\/fi\/wp-json\/wp\/v2\/media\/152"}],"wp:attachment":[{"href":"https:\/\/kindad.eu\/fi\/wp-json\/wp\/v2\/media?parent=249"}],"wp:term":[{"taxonomy":"product_brand","embeddable":true,"href":"https:\/\/kindad.eu\/fi\/wp-json\/wp\/v2\/product_brand?post=249"},{"taxonomy":"product_cat","embeddable":true,"href":"https:\/\/kindad.eu\/fi\/wp-json\/wp\/v2\/product_cat?post=249"},{"taxonomy":"product_tag","embeddable":true,"href":"https:\/\/kindad.eu\/fi\/wp-json\/wp\/v2\/product_tag?post=249"}],"curies":[{"name":"wp","href":"https:\/\/api.w.org\/{rel}","templated":true}]}}