{"id":253,"date":"2026-02-16T13:07:35","date_gmt":"2026-02-16T13:07:35","guid":{"rendered":"https:\/\/kindad.eu\/?post_type=product&#038;p=253"},"modified":"2026-04-13T07:56:15","modified_gmt":"2026-04-13T07:56:15","slug":"m-kummikindad-lateks-bettina-1-paar","status":"publish","type":"product","link":"https:\/\/kindad.eu\/fi\/product\/m-kummikindad-lateks-bettina-1-paar\/","title":{"rendered":"M-Kumik\u00e4sineet lateksi Bettina 1 pari"},"content":{"rendered":"<p>&#8211; Luonnolliset lateksik\u00e4sineet puuvillavuorilla. Soveltuu elintarvikkeiden k\u00e4sittelyyn. Kohokuvioitu k\u00e4mmen ja sormenp\u00e4\u00e4t. Bettina-kotik\u00e4sineet suojaavat hyvin puhdistusaineita, em\u00e4ksi\u00e4 ja kosteutta vastaan. Eritt\u00e4in kest\u00e4v\u00e4t ja uudelleenk\u00e4ytett\u00e4v\u00e4t kumihanskat. Puuvillavuori lis\u00e4\u00e4 k\u00e4ytt\u00f6mukavuutta. Korkea lateksipitoisuus antaa hyv\u00e4n elastisuuden. 1 pari<\/p>\n<p>Sertifikaatit:<\/p>\n<p>CE-merkki<\/p>\n<p>Elintarviketurvallisuustodistus<\/p>\n","protected":false},"excerpt":{"rendered":"<p>-Materiaali: lateksi, puuvillamuruvuori<\/p>\n<p>-Materiaalin paksuus on 0,45 mm<\/p>\n<p>&#8211; Soveltuu elintarvikkeiden k\u00e4sittelyyn<\/p>\n","protected":false},"featured_media":161,"comment_status":"closed","ping_status":"closed","template":"","meta":{"_monsterinsights_skip_tracking":false,"_monsterinsights_sitenote_active":false,"_monsterinsights_sitenote_note":"","_monsterinsights_sitenote_category":0},"product_brand":[],"product_cat":[18],"product_tag":[],"class_list":{"0":"post-253","1":"product","2":"type-product","3":"status-publish","4":"has-post-thumbnail","6":"product_cat-maaramata","8":"first","9":"instock","10":"taxable","11":"shipping-taxable","12":"purchasable","13":"product-type-simple"},"aioseo_notices":[],"_links":{"self":[{"href":"https:\/\/kindad.eu\/fi\/wp-json\/wp\/v2\/product\/253","targetHints":{"allow":["GET"]}}],"collection":[{"href":"https:\/\/kindad.eu\/fi\/wp-json\/wp\/v2\/product"}],"about":[{"href":"https:\/\/kindad.eu\/fi\/wp-json\/wp\/v2\/types\/product"}],"replies":[{"embeddable":true,"href":"https:\/\/kindad.eu\/fi\/wp-json\/wp\/v2\/comments?post=253"}],"wp:featuredmedia":[{"embeddable":true,"href":"https:\/\/kindad.eu\/fi\/wp-json\/wp\/v2\/media\/161"}],"wp:attachment":[{"href":"https:\/\/kindad.eu\/fi\/wp-json\/wp\/v2\/media?parent=253"}],"wp:term":[{"taxonomy":"product_brand","embeddable":true,"href":"https:\/\/kindad.eu\/fi\/wp-json\/wp\/v2\/product_brand?post=253"},{"taxonomy":"product_cat","embeddable":true,"href":"https:\/\/kindad.eu\/fi\/wp-json\/wp\/v2\/product_cat?post=253"},{"taxonomy":"product_tag","embeddable":true,"href":"https:\/\/kindad.eu\/fi\/wp-json\/wp\/v2\/product_tag?post=253"}],"curies":[{"name":"wp","href":"https:\/\/api.w.org\/{rel}","templated":true}]}}