{"id":337,"date":"2026-02-16T15:28:42","date_gmt":"2026-02-16T15:28:42","guid":{"rendered":"https:\/\/kindad.eu\/?post_type=product&#038;p=337"},"modified":"2026-04-13T07:54:51","modified_gmt":"2026-04-13T07:54:51","slug":"puuvillast-kindad","status":"publish","type":"product","link":"https:\/\/kindad.eu\/fi\/product\/puuvillast-kindad\/","title":{"rendered":"Puuvillak\u00e4sineet"},"content":{"rendered":"<p>Puuvillak\u00e4sineet ovat hengitt\u00e4v\u00e4t ja sopivat alusk\u00e4sineiksi. Puuvilla imee kosteutta, joten k\u00e4tesi eiv\u00e4t koskaan hikoile. K\u00e4sineet voidaan pest\u00e4 60 \u00b0C:ssa.<\/p>\n<p>XS- ja S-koot ovat 23 cm pitki\u00e4, M-koko 24 cm, L-koko 25 cm, XL-koko 26 cm ja XXL-koko 28 cm.<\/p>\n<p>Pakkauksessa on 12 paria, laatikossa 300 paria k\u00e4sineit\u00e4.<\/p>\n<p>Vaatimustenmukaisuus:<\/p>\n<p>Elintarviketurvallisuus<br \/>\nCE-merkint\u00e4<br \/>\nCAT I<\/p>\n","protected":false},"excerpt":{"rendered":"<p>Puuvillak\u00e4sineet ovat hengitt\u00e4v\u00e4t ja sopivat alusk\u00e4sineiksi. Puuvilla imee kosteutta, joten k\u00e4tesi eiv\u00e4t koskaan hikoile. K\u00e4sineet voidaan pest\u00e4 60 \u00b0C:ssa. XS- ja S-koot ovat 23 cm pitki\u00e4, M-koko 24 cm, L-koko 25 cm, XL-koko 26 cm ja XXL-koko 28 cm. Pakkauksessa on 12 paria, laatikossa 300 paria k\u00e4sineit\u00e4. Vaatimustenmukaisuus: Elintarviketurvallisuus CE-merkint\u00e4 CAT I<\/p>\n","protected":false},"featured_media":338,"comment_status":"open","ping_status":"closed","template":"","meta":{"_monsterinsights_skip_tracking":false,"_monsterinsights_sitenote_active":false,"_monsterinsights_sitenote_note":"","_monsterinsights_sitenote_category":0},"product_brand":[],"product_cat":[88],"product_tag":[],"class_list":{"0":"post-337","1":"product","2":"type-product","3":"status-publish","4":"has-post-thumbnail","6":"product_cat-tekstiilkindad","7":"pa_size-l","8":"pa_size-m","10":"first","11":"instock","12":"taxable","13":"shipping-taxable","14":"purchasable","15":"product-type-variable"},"aioseo_notices":[],"_links":{"self":[{"href":"https:\/\/kindad.eu\/fi\/wp-json\/wp\/v2\/product\/337","targetHints":{"allow":["GET"]}}],"collection":[{"href":"https:\/\/kindad.eu\/fi\/wp-json\/wp\/v2\/product"}],"about":[{"href":"https:\/\/kindad.eu\/fi\/wp-json\/wp\/v2\/types\/product"}],"replies":[{"embeddable":true,"href":"https:\/\/kindad.eu\/fi\/wp-json\/wp\/v2\/comments?post=337"}],"wp:featuredmedia":[{"embeddable":true,"href":"https:\/\/kindad.eu\/fi\/wp-json\/wp\/v2\/media\/338"}],"wp:attachment":[{"href":"https:\/\/kindad.eu\/fi\/wp-json\/wp\/v2\/media?parent=337"}],"wp:term":[{"taxonomy":"product_brand","embeddable":true,"href":"https:\/\/kindad.eu\/fi\/wp-json\/wp\/v2\/product_brand?post=337"},{"taxonomy":"product_cat","embeddable":true,"href":"https:\/\/kindad.eu\/fi\/wp-json\/wp\/v2\/product_cat?post=337"},{"taxonomy":"product_tag","embeddable":true,"href":"https:\/\/kindad.eu\/fi\/wp-json\/wp\/v2\/product_tag?post=337"}],"curies":[{"name":"wp","href":"https:\/\/api.w.org\/{rel}","templated":true}]}}