{"id":339,"date":"2026-02-16T15:35:07","date_gmt":"2026-02-16T15:35:07","guid":{"rendered":"https:\/\/kindad.eu\/?post_type=product&#038;p=339"},"modified":"2026-04-13T07:53:34","modified_gmt":"2026-04-13T07:53:34","slug":"tookindad-takjakinnitusega-kitse-pealisnahk-riie-553","status":"publish","type":"product","link":"https:\/\/kindad.eu\/fi\/product\/tookindad-takjakinnitusega-kitse-pealisnahk-riie-553\/","title":{"rendered":"Ty\u00f6k\u00e4sineet tarranauhakiinnityksell\u00e4, vuohennahka\/kangas 553"},"content":{"rendered":"<p>Kvaliteetsest ja elastsest kitse pealisnahast t\u00f6\u00f6kindad. Puuvillasest soonikriidest k\u00e4eselg ja reguleeritav ranne takjakinnitusega. Kinnastel on hea s\u00f5rmeotstetundlikkus. Pakis on 12 paari, kastis 120 paari.<\/p>\n<p>Vastavused:<\/p>\n<p>EN 388 \u2013 2122X<\/p>\n<p>CE-tootem\u00e4rgis<\/p>\n<p>CAT II<\/p>\n","protected":false},"excerpt":{"rendered":"<p>Kvaliteetsest ja elastsest kitse pealisnahast t\u00f6\u00f6kindad. Puuvillasest soonikriidest k\u00e4eselg ja reguleeritav ranne takjakinnitusega. Kinnastel on hea s\u00f5rmeotstetundlikkus. Pakis on 12 paari, kastis 120 paari. Vastavused: EN 388 \u2013 2122X CE-tootem\u00e4rgis CAT II<\/p>\n","protected":false},"featured_media":340,"comment_status":"open","ping_status":"closed","template":"","meta":{"_monsterinsights_skip_tracking":false,"_monsterinsights_sitenote_active":false,"_monsterinsights_sitenote_note":"","_monsterinsights_sitenote_category":0},"product_brand":[],"product_cat":[89],"product_tag":[],"class_list":{"0":"post-339","1":"product","2":"type-product","3":"status-publish","4":"has-post-thumbnail","6":"product_cat-nahast-kindad","7":"pa_size_-106","8":"pa_size_-107","9":"pa_size_-104","10":"pa_size_-105","12":"first","13":"instock","14":"taxable","15":"shipping-taxable","16":"purchasable","17":"product-type-variable"},"aioseo_notices":[],"_links":{"self":[{"href":"https:\/\/kindad.eu\/fi\/wp-json\/wp\/v2\/product\/339","targetHints":{"allow":["GET"]}}],"collection":[{"href":"https:\/\/kindad.eu\/fi\/wp-json\/wp\/v2\/product"}],"about":[{"href":"https:\/\/kindad.eu\/fi\/wp-json\/wp\/v2\/types\/product"}],"replies":[{"embeddable":true,"href":"https:\/\/kindad.eu\/fi\/wp-json\/wp\/v2\/comments?post=339"}],"wp:featuredmedia":[{"embeddable":true,"href":"https:\/\/kindad.eu\/fi\/wp-json\/wp\/v2\/media\/340"}],"wp:attachment":[{"href":"https:\/\/kindad.eu\/fi\/wp-json\/wp\/v2\/media?parent=339"}],"wp:term":[{"taxonomy":"product_brand","embeddable":true,"href":"https:\/\/kindad.eu\/fi\/wp-json\/wp\/v2\/product_brand?post=339"},{"taxonomy":"product_cat","embeddable":true,"href":"https:\/\/kindad.eu\/fi\/wp-json\/wp\/v2\/product_cat?post=339"},{"taxonomy":"product_tag","embeddable":true,"href":"https:\/\/kindad.eu\/fi\/wp-json\/wp\/v2\/product_tag?post=339"}],"curies":[{"name":"wp","href":"https:\/\/api.w.org\/{rel}","templated":true}]}}