{"id":622,"date":"2026-02-26T23:30:16","date_gmt":"2026-02-26T23:30:16","guid":{"rendered":"https:\/\/kindad.eu\/fi\/?post_type=product&#038;p=622"},"modified":"2026-04-13T07:47:23","modified_gmt":"2026-04-13T07:47:23","slug":"nitriilkindad-sinised-xxl","status":"publish","type":"product","link":"https:\/\/kindad.eu\/fi\/product\/nitriilkindad-sinised-xxl\/","title":{"rendered":"Nitriilik\u00e4sineet Safe Care sininen koko XXL"},"content":{"rendered":"<p>Suunniteltu l\u00e4\u00e4kinn\u00e4llisiin tutkimuksiin, HORECA-ymp\u00e4rist\u00f6ihin ja eri teollisuudenaloille, n\u00e4m\u00e4 nitriilitutkimusk\u00e4sineet tarjoavat 3,5G paksuuden, joka luo t\u00e4ydellisen tasapainon suojan ja tuntoherkkyyden v\u00e4lill\u00e4.<\/p>\n<p>Teksturoitujen sormenp\u00e4iden ansiosta k\u00e4sineet takaavat varman otteen sek\u00e4 m\u00e4riss\u00e4 ett\u00e4 kuivissa olosuhteissa, parantaen tarkkuutta ja hallintaa. Lateksiton rakenne minimoi allergisten reaktioiden riskin, painottaen turvallisuutta ja mukavuutta.<\/p>\n<p>Merkinn\u00e4t ja standardienmukaisuus: EN ISO 374-1, EN 374-2, EN 374-3, EN 455-1, EN 455-2, EN 455-3, EN 455-4, EN 1186, EN 1149-2, ASTM D6319, ASTM D7319<\/p>\n<p>Valmistettu Euroopassa\u00a0 https:\/\/ppsgloves.com\/<\/p>\n<p><strong>Labelling &#038; Conformity to standards:<\/strong>\u00a0EN ISO 374-1, EN 374-2, EN, EN 374-3, EN 455-1, EN 455-2, EN 455-3, EN 455-4, EN 1186, EN 1149:2, ASTM D6319, ASTM D7319<\/p>\n<table>\n<tbody>\n<tr>\n<td><img loading=\"lazy\" decoding=\"async\" src=\"https:\/\/send.saleslayer.com\/1586eed8d68847db4b87153b1ebcf9a4\/Food%20Safe.png\" width=\"100\" height=\"100\" \/><\/td>\n<td>Food safe<\/p>\n<p>&nbsp;<\/td>\n<\/tr>\n<\/tbody>\n<\/table>\n<table dir=\"ltr\" border=\"1\" cellspacing=\"0\" cellpadding=\"0\" data-sheets-root=\"1\">\n<colgroup>\n<col width=\"193\" \/>\n<col width=\"197\" \/>\n<col width=\"171\" \/>\n<col width=\"171\" \/>\n<col width=\"171\" \/><\/colgroup>\n<tbody>\n<tr>\n<td><\/td>\n<td data-sheets-value=\"{\">Dispenser box<\/td>\n<td data-sheets-value=\"{\">Transport carton<\/td>\n<td data-sheets-value=\"{\">Pallet<\/td>\n<td><\/td>\n<\/tr>\n<tr>\n<td data-sheets-value=\"{\">Packaging<\/td>\n<td data-sheets-value=\"{\">100 pcs. of gloves per box<\/td>\n<td data-sheets-value=\"{\">10 boxes per carton<\/td>\n<td data-sheets-value=\"{\">\n<div>\n<div>96 cartons per pallet 8 layers of 12 cartons<\/div>\n<\/div>\n<\/td>\n<td><\/td>\n<\/tr>\n<tr>\n<td data-sheets-value=\"{\">Dimensions<\/td>\n<td data-sheets-value=\"{\">20,5 x 11 x 6 cm<\/td>\n<td data-sheets-value=\"{\">32 x 23 x 21 cm<\/td>\n<td data-sheets-value=\"{\">120 x 80 x 180 cm<\/td>\n<td><\/td>\n<\/tr>\n<\/tbody>\n<\/table>\n<p>&nbsp;<\/p>\n<table dir=\"ltr\" border=\"1\" cellspacing=\"0\" cellpadding=\"0\" data-sheets-root=\"1\">\n<colgroup>\n<col width=\"193\" \/>\n<col width=\"197\" \/>\n<col width=\"171\" \/>\n<col width=\"171\" \/>\n<col width=\"171\" \/><\/colgroup>\n<tbody>\n<tr>\n<td data-sheets-value=\"{\">Size<\/td>\n<td data-sheets-value=\"{\">Product code<\/td>\n<td data-sheets-value=\"{\">EAN dispenser box<\/td>\n<td data-sheets-value=\"{\">EAN carton<\/td>\n<td data-sheets-value=\"{\">Carton gross weight<\/td>\n<\/tr>\n<tr>\n<td data-sheets-value=\"{\">XS<\/td>\n<td data-sheets-value=\"{\">PPS-SC-01<\/td>\n<td data-sheets-value=\"{\">3 800 501 874 127<\/td>\n<td data-sheets-value=\"{\">3 800 501 874 080<\/td>\n<td data-sheets-value=\"{\">3,6 kg<\/td>\n<\/tr>\n<tr>\n<td data-sheets-value=\"{\">S<\/td>\n<td data-sheets-value=\"{\">PPS-SC-02<\/td>\n<td data-sheets-value=\"{\">3 800 501 874 158<\/td>\n<td data-sheets-value=\"{\">3 800 501 874 073<\/td>\n<td data-sheets-value=\"{\">3,9 kg<\/td>\n<\/tr>\n<tr>\n<td data-sheets-value=\"{\">M<\/td>\n<td data-sheets-value=\"{\">PPS-SC-03<\/td>\n<td data-sheets-value=\"{\">3 800 501 874 165<\/td>\n<td data-sheets-value=\"{\">3 800 501 874 066<\/td>\n<td data-sheets-value=\"{\">4,2 kg<\/td>\n<\/tr>\n<tr>\n<td data-sheets-value=\"{\">L<\/td>\n<td data-sheets-value=\"{\">PPS-SC-04<\/td>\n<td data-sheets-value=\"{\">3 800 501 874 004<\/td>\n<td data-sheets-value=\"{\">3 800 501 874 059<\/td>\n<td data-sheets-value=\"{\">4,5 kg<\/td>\n<\/tr>\n<tr>\n<td data-sheets-value=\"{\">XL<\/td>\n<td data-sheets-value=\"{\">PPS-SC-05<\/td>\n<td data-sheets-value=\"{\">3 800 501 874 042<\/td>\n<td data-sheets-value=\"{\">3 800 501 874 035<\/td>\n<td data-sheets-value=\"{\">4,8 kg<\/td>\n<\/tr>\n<tr>\n<td data-sheets-value=\"{\">Label<\/td>\n<td colspan=\"4\" rowspan=\"1\" data-sheets-value=\"{\">EN \u2013 BG \u2013 DE \u2013 FR \u2013 ES<\/td>\n<\/tr>\n<\/tbody>\n<\/table>\n","protected":false},"excerpt":{"rendered":"<p>Kehitetty l\u00e4\u00e4ketieteelliseen tutkimukseen, HoReCa-ymp\u00e4rist\u00f6ihin ja eri toimialoihin,<\/p>\n<p>Laadukkaat nitriilik\u00e4sineet 100 kpl laatikossa.<\/p>\n<p>Paksuus 0,07 mm<\/p>\n<p>Sormien paksuus on 0,09 mm<\/p>\n<p>Murtolujuus 6-8N<\/p>\n<p>Valmistettu Euroopassa<\/p>\n","protected":false},"featured_media":464,"comment_status":"open","ping_status":"closed","template":"","meta":{"_monsterinsights_skip_tracking":false,"_monsterinsights_sitenote_active":false,"_monsterinsights_sitenote_note":"","_monsterinsights_sitenote_category":0},"product_brand":[],"product_cat":[94,81,18],"product_tag":[],"class_list":{"0":"post-622","1":"product","2":"type-product","3":"status-publish","4":"has-post-thumbnail","6":"product_cat-kummikindad-nitriilkindad","7":"product_cat-nitriilkindad","8":"product_cat-maaramata","10":"first","11":"instock","12":"sale","13":"taxable","14":"shipping-taxable","15":"purchasable","16":"product-type-simple"},"aioseo_notices":[],"_links":{"self":[{"href":"https:\/\/kindad.eu\/fi\/wp-json\/wp\/v2\/product\/622","targetHints":{"allow":["GET"]}}],"collection":[{"href":"https:\/\/kindad.eu\/fi\/wp-json\/wp\/v2\/product"}],"about":[{"href":"https:\/\/kindad.eu\/fi\/wp-json\/wp\/v2\/types\/product"}],"replies":[{"embeddable":true,"href":"https:\/\/kindad.eu\/fi\/wp-json\/wp\/v2\/comments?post=622"}],"wp:featuredmedia":[{"embeddable":true,"href":"https:\/\/kindad.eu\/fi\/wp-json\/wp\/v2\/media\/464"}],"wp:attachment":[{"href":"https:\/\/kindad.eu\/fi\/wp-json\/wp\/v2\/media?parent=622"}],"wp:term":[{"taxonomy":"product_brand","embeddable":true,"href":"https:\/\/kindad.eu\/fi\/wp-json\/wp\/v2\/product_brand?post=622"},{"taxonomy":"product_cat","embeddable":true,"href":"https:\/\/kindad.eu\/fi\/wp-json\/wp\/v2\/product_cat?post=622"},{"taxonomy":"product_tag","embeddable":true,"href":"https:\/\/kindad.eu\/fi\/wp-json\/wp\/v2\/product_tag?post=622"}],"curies":[{"name":"wp","href":"https:\/\/api.w.org\/{rel}","templated":true}]}}