{"id":673,"date":"2026-03-07T21:22:15","date_gmt":"2026-03-07T21:22:15","guid":{"rendered":"https:\/\/kindad.eu\/?post_type=product&#038;p=673"},"modified":"2026-03-07T21:30:44","modified_gmt":"2026-03-07T21:30:44","slug":"diversey-intellicare-hybrid-sensoriga-seebi-ja-desinfitseerija-hoidik-dosaator-must","status":"publish","type":"product","link":"https:\/\/kindad.eu\/fi\/product\/diversey-intellicare-hybrid-sensoriga-seebi-ja-desinfitseerija-hoidik-dosaator-must\/","title":{"rendered":"Diversey IntelliCare annostelijat musta"},"content":{"rendered":"<p>\u2022 Kest\u00e4v\u00e4 ja luotettava annostelija, joka on valmistettu ABS-muovista, se ei naarmuunnu ja siet\u00e4\u00e4 UV-valoa<br \/>\n\u2022 Vaivaton pit\u00e4\u00e4 puhtaana<br \/>\n\u2022 Annostelijan isosta ikkunasta n\u00e4kee helposti, mik\u00e4 tuote on k\u00e4yt\u00f6ss\u00e4 ja paljonko sit\u00e4 on j\u00e4ljell\u00e4<br \/>\n\u2022 Yksinkertainen k\u00e4ytt\u00e4\u00e4, iso painike<br \/>\n\u2022 Annosm\u00e4\u00e4r\u00e4 s\u00e4\u00e4dett\u00e4viss\u00e4<br \/>\n\u2022 Kannen alareunassa, sis\u00e4puolella on tila pidikkeineen, johon voi laittaa yrityksen nimikyltin, mainoksen, toimintaohjeita, v\u00e4rikoodin jne.<br \/>\n\u2022 Saatavissa tippa-alusta, kyyn\u00e4rvarsivipu ja lattiateline, jotka auttavat hyv\u00e4n k\u00e4sihygienian toteutumisessa<br \/>\n<strong>Manuaalisen annostelijan edut:<\/strong><br \/>\n\u2022 Miellytt\u00e4v\u00e4 ja helppo k\u00e4ytt\u00e4\u00e4, mik\u00e4 kannustaa ty\u00f6ntekij\u00f6it\u00e4 ja asiakkaita hyv\u00e4\u00e4n k\u00e4sihygieniaan<br \/>\n\u2022 Monipuolinen, sill\u00e4 annostelija annostelee sek\u00e4 nesteit\u00e4, vaahtoa ett\u00e4 voiteita<br \/>\n\u2022 Annosm\u00e4\u00e4r\u00e4 s\u00e4\u00e4dett\u00e4viss\u00e4 tuotteen ja k\u00e4ytt\u00f6alueen mukaan<br \/>\n\u2022 Varmatoiminen ja luotettava annostelija, joka on helppo pit\u00e4\u00e4 puhtaana my\u00f6s korkean k\u00e4ytt\u00f6asteen alueilla<br \/>\n\u2022 Ty\u00f6t\u00e4 s\u00e4\u00e4styy, kun isosta ikkunasta n\u00e4kee helposti tuotteen ja j\u00e4ljell\u00e4 olevan aineen m\u00e4\u00e4r\u00e4n. Lis\u00e4ksi tyhjentyneen pullon vaihto vie vain muutaman sekunnin<br \/>\n\u2022 Innovatiivinen toiminnallisuus ja annostelun helppous parantavat k\u00e4ytt\u00e4j\u00e4- ja asiakaskokemusta<br \/>\n<strong>Hybridi annostelijan ominaisuudet:<\/strong><br \/>\n\u2022\u2022 Patentoitu hybriditoiminto<br \/>\n\u2022\u2022 Alhainen nesteraja -h\u00e4lytys kertoo henkil\u00f6kunnalle tuotteen loppumisesta, jolloin v\u00e4ltyt\u00e4\u00e4n tyhj\u00e4lt\u00e4 annostelijalta<br \/>\n\u2022\u2022 Kest\u00e4v\u00e4 ja luotettava annostelija, joka on valmistettu ABS-muovista, se ei naarmuunnu ja siet\u00e4\u00e4 UV-valoa<br \/>\n\u2022\u2022 Vaivaton pit\u00e4\u00e4 puhtaana<br \/>\n\u2022\u2022 Pitk\u00e4\u00e4n kest\u00e4v\u00e4t patterit ja vesitiiviit osat varmistavat annostelijan luotettavan toiminnan pienell\u00e4 yll\u00e4pidolla<br \/>\n\u2022\u2022 Annostelijan isosta ikkunasta n\u00e4kee helposti, mik\u00e4 tuote on k\u00e4yt\u00f6ss\u00e4 ja paljonko sit\u00e4 on j\u00e4ljell\u00e4<br \/>\n\u2022\u2022 Yksinkertainen k\u00e4ytt\u00e4\u00e4. Kun patterit on vaihdettava, ilmestyy annostelijan alaosaan valaistu teksti \u201cPUSH\u201d<br \/>\n\u2022\u2022 Annosm\u00e4\u00e4r\u00e4 s\u00e4\u00e4dett\u00e4viss\u00e4<br \/>\n\u2022\u2022 Kannen alareunassa, sis\u00e4puolella on tila pidikkeineen, johon voi laittaa yrityksen nimikyltin, mainoksen, toimintaohjeita, v\u00e4rikoodin jne.<br \/>\n\u2022\u2022 Saatavissa tippa-alusta ja lattiateline, jotka auttavat hyv\u00e4n k\u00e4sihygienian toteutumisessa<br \/>\n<strong>Hybridi annostelijan edut:<\/strong><br \/>\n\u2022\u2022 Aina toimiva annostelija v\u00e4hent\u00e4\u00e4 infektioiden riski\u00e4 terveydenhuollossa, ammattikeitti\u00f6iss\u00e4 ym. korkean hygieniavaatimusten alueilla<br \/>\n\u2022\u2022 Ty\u00f6 sujuu, kun isosta ikkunasta n\u00e4kee vaivattomasti k\u00e4yt\u00f6ss\u00e4 olevan tuotteen ja kun annostelija toimii nopeasti ja helposti. Lis\u00e4ksi tyhjentyneen pakkauksen vaihto vie vain muutaman sekunnin<br \/>\n\u2022\u2022 Innovatiivinen toiminnallisuus ja kosketusvapaa annostelu parantavat k\u00e4ytt\u00e4j\u00e4- ja asiakaskokemusta<br \/>\n\u2022\u2022 Miellytt\u00e4v\u00e4 ja helppo k\u00e4ytt\u00e4\u00e4, mik\u00e4 kannustaa ty\u00f6ntekij\u00f6it\u00e4 ja asiakkaita hyv\u00e4\u00e4n k\u00e4sihygieniaan<br \/>\n\u2022\u2022 Moderni, yksinkertainen muotoilu sopii hyvin erilaisiin k\u00e4ytt\u00f6ymp\u00e4rist\u00f6ihin<\/p>\n<p><span id=\"ctl00_cphBody_lblProductName\">IntelliCare lattiateline<\/span>\u00a0on tyylik\u00e4s musta lattiateline annostelijoille. Pysyy hyvin pystyss\u00e4, vie v\u00e4h\u00e4n tilaa. Sopii hyvin sek\u00e4 perinteiseen ett\u00e4 moderniin sisustukseen. Etuosan muovitaskuun mahdollista laittaa yritys-, tuotenimi tai muuta informaatiota.<\/p>\n<p>jalusta myyd\u00e4\u00e4n erikseen<\/p>\n","protected":false},"excerpt":{"rendered":"<p>\u2022 Kest\u00e4v\u00e4 ja luotettava annostelija, joka on valmistettu ABS-muovista, se ei naarmuunnu ja siet\u00e4\u00e4 UV-valoa \u2022 Vaivaton pit\u00e4\u00e4 puhtaana \u2022 Annostelijan isosta ikkunasta n\u00e4kee helposti, mik\u00e4 tuote on k\u00e4yt\u00f6ss\u00e4 ja paljonko sit\u00e4 on j\u00e4ljell\u00e4 \u2022 Yksinkertainen k\u00e4ytt\u00e4\u00e4, iso painike \u2022 Annosm\u00e4\u00e4r\u00e4 s\u00e4\u00e4dett\u00e4viss\u00e4 \u2022 Kannen alareunassa, sis\u00e4puolella on tila pidikkeineen, johon voi laittaa yrityksen nimikyltin, mainoksen, [&#8230;]\n","protected":false},"featured_media":674,"comment_status":"open","ping_status":"closed","template":"","meta":{"_monsterinsights_skip_tracking":false,"_monsterinsights_sitenote_active":false,"_monsterinsights_sitenote_note":"","_monsterinsights_sitenote_category":0},"product_brand":[],"product_cat":[85],"product_tag":[],"class_list":{"0":"post-673","1":"product","2":"type-product","3":"status-publish","4":"has-post-thumbnail","6":"product_cat-tarvikud-ja-ohutus","8":"first","9":"instock","10":"taxable","11":"shipping-taxable","12":"purchasable","13":"product-type-simple"},"aioseo_notices":[],"_links":{"self":[{"href":"https:\/\/kindad.eu\/fi\/wp-json\/wp\/v2\/product\/673","targetHints":{"allow":["GET"]}}],"collection":[{"href":"https:\/\/kindad.eu\/fi\/wp-json\/wp\/v2\/product"}],"about":[{"href":"https:\/\/kindad.eu\/fi\/wp-json\/wp\/v2\/types\/product"}],"replies":[{"embeddable":true,"href":"https:\/\/kindad.eu\/fi\/wp-json\/wp\/v2\/comments?post=673"}],"wp:featuredmedia":[{"embeddable":true,"href":"https:\/\/kindad.eu\/fi\/wp-json\/wp\/v2\/media\/674"}],"wp:attachment":[{"href":"https:\/\/kindad.eu\/fi\/wp-json\/wp\/v2\/media?parent=673"}],"wp:term":[{"taxonomy":"product_brand","embeddable":true,"href":"https:\/\/kindad.eu\/fi\/wp-json\/wp\/v2\/product_brand?post=673"},{"taxonomy":"product_cat","embeddable":true,"href":"https:\/\/kindad.eu\/fi\/wp-json\/wp\/v2\/product_cat?post=673"},{"taxonomy":"product_tag","embeddable":true,"href":"https:\/\/kindad.eu\/fi\/wp-json\/wp\/v2\/product_tag?post=673"}],"curies":[{"name":"wp","href":"https:\/\/api.w.org\/{rel}","templated":true}]}}