{"id":685,"date":"2026-03-07T22:02:33","date_gmt":"2026-03-07T22:02:33","guid":{"rendered":"https:\/\/kindad.eu\/?post_type=product&#038;p=685"},"modified":"2026-04-13T07:46:52","modified_gmt":"2026-04-13T07:46:52","slug":"talveturvasaapad-brynje-breeze-s3-esd-nr4045-46","status":"publish","type":"product","link":"https:\/\/kindad.eu\/fi\/product\/talveturvasaapad-brynje-breeze-s3-esd-nr4045-46\/","title":{"rendered":"Talviturvakeng\u00e4t BRYNJE Breeze S3 ESD nr40,45 ,46"},"content":{"rendered":"<p>Brynje Breeze S3 -talviturvakeng\u00e4t<br \/>\nBreeze kuuluu Brynje 400 -sarjaan, joka on suunniteltu vaativimpiin ty\u00f6olosuhteisiin. N\u00e4m\u00e4 ovat kest\u00e4v\u00e4t turvakeng\u00e4t, joissa on leve\u00e4 s\u00e4lepohja ja tekoturkisvuori.<\/p>\n<p>Talviturvakenkien rakenne<br \/>\nTalviturvakengiss\u00e4 on eritt\u00e4in kest\u00e4v\u00e4, joustava ja iskuja vaimentava PU\/nitriilikumipohja, joka kest\u00e4\u00e4 jopa 300 \u00b0C:n l\u00e4mp\u00f6tiloja (HRO). Pohja on liukumaton (SRC). Pohjassa on vakauttava tukiosa, joka est\u00e4\u00e4 kiertymisen ja jakaa paineen koko pohjaan. Valmistettu kest\u00e4v\u00e4st\u00e4, hengitt\u00e4v\u00e4st\u00e4 ja vett\u00e4hylkiv\u00e4st\u00e4 B-Xtreme-nahasta, joka ottaa huomioon jalkasi muodon ja muotoutuu sen mukaan.<\/p>\n<p>Vedenpit\u00e4v\u00e4 ja hengitt\u00e4v\u00e4 kalvo, sis\u00e4inen vetoketju, suljettu kieli, heijastavat yksityiskohdat ja ProNose-nokka lis\u00e4kest\u00e4vyytt\u00e4 varten. PVC-vapaa ja ESD-hyv\u00e4ksytty.<\/p>\n<p>Pohjallinen on valmistettu iskuja vaimentavasta ja kosteutta siirt\u00e4v\u00e4st\u00e4 PU-materiaalista. Pohjallinen on vaihdettavissa. Halutessasi voit ostaa my\u00f6s Brynje FootFit -pohjallisen jalkaholvipituudellesi (matala, keskikorkea, korkea),Erikoisominaisuudet<\/p>\n<p>Tekonurmisvuori<\/p>\n<p>Vetoketju<\/p>\n<p>Leve\u00e4 istuvuus<\/p>\n<p>Heijastavat yksityiskohdat<\/p>\n<p>ESD-sertifioitu ja siten minimoi staattisen s\u00e4hk\u00f6n<\/p>\n<p>PVC-vapaa<\/p>\n<p>Lis\u00e4tietoja<\/p>\n<p>Breeze-turvakeng\u00e4t sopivat erinomaisesti raskaaseen teollisuuteen ja rakennusty\u00f6maille.<\/p>\n<p>T\u00e4m\u00e4 on unisex-malli, saatavilla koossa 40, 45 tai 46<\/p>\n<p>Yhden koon 42 saappaan paino on 0,89 kg.<\/p>\n<p>T\u00e4ytt\u00e4\u00e4 standardin EN ISO 20345:2011 vaatimukset<\/p>\n<figure class=\"image image_resized\"><img decoding=\"async\" class=\"entered lazyloaded\" src=\"https:\/\/cdn.erply.com\/files\/510871\/887TQFklKUll0byYDQZ6mYLIu4lk4FvUnjl0Krg8pgSO23KWJW.jpg\" data-lazy-src=\"https:\/\/cdn.erply.com\/files\/510871\/887TQFklKUll0byYDQZ6mYLIu4lk4FvUnjl0Krg8pgSO23KWJW.jpg\" data-ll-status=\"loaded\" \/><\/figure>\n","protected":false},"excerpt":{"rendered":"<p>Brynje Breeze S3 -talviturvakeng\u00e4t Breeze kuuluu Brynje 400 -sarjaan, joka on suunniteltu vaativimpiin ty\u00f6olosuhteisiin. N\u00e4m\u00e4 ovat kest\u00e4v\u00e4t turvakeng\u00e4t, joissa on leve\u00e4 s\u00e4lepohja ja tekoturkisvuori. Talviturvakenkien rakenne Talviturvakengiss\u00e4 on eritt\u00e4in kest\u00e4v\u00e4, joustava ja iskuja vaimentava PU\/nitriilikumipohja, joka kest\u00e4\u00e4 jopa 300 \u00b0C:n l\u00e4mp\u00f6tiloja (HRO). Pohja on liukumaton (SRC). Pohjassa on vakauttava tukiosa, joka est\u00e4\u00e4 kiertymisen ja jakaa [&#8230;]\n","protected":false},"featured_media":454,"comment_status":"open","ping_status":"closed","template":"","meta":{"_monsterinsights_skip_tracking":false,"_monsterinsights_sitenote_active":false,"_monsterinsights_sitenote_note":"","_monsterinsights_sitenote_category":0},"product_brand":[],"product_cat":[86],"product_tag":[],"class_list":{"0":"post-685","1":"product","2":"type-product","3":"status-publish","4":"has-post-thumbnail","6":"product_cat-toojalats","8":"first","9":"instock","10":"taxable","11":"shipping-taxable","12":"purchasable","13":"product-type-variable"},"aioseo_notices":[],"_links":{"self":[{"href":"https:\/\/kindad.eu\/fi\/wp-json\/wp\/v2\/product\/685","targetHints":{"allow":["GET"]}}],"collection":[{"href":"https:\/\/kindad.eu\/fi\/wp-json\/wp\/v2\/product"}],"about":[{"href":"https:\/\/kindad.eu\/fi\/wp-json\/wp\/v2\/types\/product"}],"replies":[{"embeddable":true,"href":"https:\/\/kindad.eu\/fi\/wp-json\/wp\/v2\/comments?post=685"}],"wp:featuredmedia":[{"embeddable":true,"href":"https:\/\/kindad.eu\/fi\/wp-json\/wp\/v2\/media\/454"}],"wp:attachment":[{"href":"https:\/\/kindad.eu\/fi\/wp-json\/wp\/v2\/media?parent=685"}],"wp:term":[{"taxonomy":"product_brand","embeddable":true,"href":"https:\/\/kindad.eu\/fi\/wp-json\/wp\/v2\/product_brand?post=685"},{"taxonomy":"product_cat","embeddable":true,"href":"https:\/\/kindad.eu\/fi\/wp-json\/wp\/v2\/product_cat?post=685"},{"taxonomy":"product_tag","embeddable":true,"href":"https:\/\/kindad.eu\/fi\/wp-json\/wp\/v2\/product_tag?post=685"}],"curies":[{"name":"wp","href":"https:\/\/api.w.org\/{rel}","templated":true}]}}