{"id":695,"date":"2026-03-13T13:35:39","date_gmt":"2026-03-13T13:35:39","guid":{"rendered":"https:\/\/kindad.eu\/?post_type=product&#038;p=695"},"modified":"2026-04-13T07:46:23","modified_gmt":"2026-04-13T07:46:23","slug":"nailonkindad-vaht-nitriilkate","status":"publish","type":"product","link":"https:\/\/kindad.eu\/fi\/product\/nailonkindad-vaht-nitriilkate\/","title":{"rendered":"Nailonk\u00e4sineet, vaahtomuovipinnoitetut k\u00e4sineet"},"content":{"rendered":"<p>N\u00e4m\u00e4 ihoyst\u00e4v\u00e4lliset ja joustavat nailon\/spandex-ty\u00f6k\u00e4sineet kokoonpanoon ja hienomekaniikkaan on varustettu nitriilikumik\u00e4sineell\u00e4 ja -sormenp\u00e4ill\u00e4, joissa on vaahtomuovikuvio, joka tarjoaa erinomaisen pidon sek\u00e4 kuivissa ett\u00e4 m\u00e4riss\u00e4 olosuhteissa.<\/p>\n<p>Suojaa \u00f6ljyilt\u00e4, \u200b\u200bvoiteluaineilta ja mekaaniselta hankaukselta.<br \/>\nSaumattomat ty\u00f6k\u00e4sineet tarjoavat erinomaisen sormituntuman.<br \/>\nK\u00e4densel\u00e4n spandex-materiaali tarjoaa poikkeuksellisen hengitt\u00e4vyyden, mukavuuden ja joustavuuden.<\/p>\n","protected":false},"excerpt":{"rendered":"<p>nailon\/spandex t\u00f6\u00f6kindad, vahtnitriilkummiga kaetud peopesa ja s\u00f5rmeotsad<\/p>\n","protected":false},"featured_media":694,"comment_status":"open","ping_status":"closed","template":"","meta":{"_monsterinsights_skip_tracking":false,"_monsterinsights_sitenote_active":false,"_monsterinsights_sitenote_note":"","_monsterinsights_sitenote_category":0},"product_brand":[],"product_cat":[123],"product_tag":[],"class_list":{"0":"post-695","1":"product","2":"type-product","3":"status-publish","4":"has-post-thumbnail","6":"product_cat-kattega-kindad","7":"pa_size_-106","8":"pa_size_-107","9":"pa_size_-104","10":"pa_size_-105","12":"first","13":"instock","14":"taxable","15":"shipping-taxable","16":"purchasable","17":"product-type-variable"},"aioseo_notices":[],"_links":{"self":[{"href":"https:\/\/kindad.eu\/fi\/wp-json\/wp\/v2\/product\/695","targetHints":{"allow":["GET"]}}],"collection":[{"href":"https:\/\/kindad.eu\/fi\/wp-json\/wp\/v2\/product"}],"about":[{"href":"https:\/\/kindad.eu\/fi\/wp-json\/wp\/v2\/types\/product"}],"replies":[{"embeddable":true,"href":"https:\/\/kindad.eu\/fi\/wp-json\/wp\/v2\/comments?post=695"}],"wp:featuredmedia":[{"embeddable":true,"href":"https:\/\/kindad.eu\/fi\/wp-json\/wp\/v2\/media\/694"}],"wp:attachment":[{"href":"https:\/\/kindad.eu\/fi\/wp-json\/wp\/v2\/media?parent=695"}],"wp:term":[{"taxonomy":"product_brand","embeddable":true,"href":"https:\/\/kindad.eu\/fi\/wp-json\/wp\/v2\/product_brand?post=695"},{"taxonomy":"product_cat","embeddable":true,"href":"https:\/\/kindad.eu\/fi\/wp-json\/wp\/v2\/product_cat?post=695"},{"taxonomy":"product_tag","embeddable":true,"href":"https:\/\/kindad.eu\/fi\/wp-json\/wp\/v2\/product_tag?post=695"}],"curies":[{"name":"wp","href":"https:\/\/api.w.org\/{rel}","templated":true}]}}