{"id":710,"date":"2026-03-19T13:56:51","date_gmt":"2026-03-19T13:56:51","guid":{"rendered":"https:\/\/kindad.eu\/?post_type=product&#038;p=710"},"modified":"2026-04-13T07:45:45","modified_gmt":"2026-04-13T07:45:45","slug":"poluesterkindad-pu-kate-peopesas-kk31-hall","status":"publish","type":"product","link":"https:\/\/kindad.eu\/fi\/product\/poluesterkindad-pu-kate-peopesas-kk31-hall\/","title":{"rendered":"Polyesterik\u00e4sineet, PU-pinnoite k\u00e4mmeness\u00e4, KK31, harmaa"},"content":{"rendered":"<div class=\"n4sEPd\">\n<div class=\"QFw9Te BLojaf\"><\/div>\n<div class=\"FFpbKc\">\n<div class=\"xMmqsf\"><span class=\"jCAhz ChMk0b\" style=\"font-size: 14.4px;\"><span class=\"ryNqvb\">Neulotut polyesterity\u00f6k\u00e4sineet, joiden k\u00e4mmen ja sormenp\u00e4\u00e4t on p\u00e4\u00e4llystetty polyuretaanilla, mik\u00e4 varmistaa hyv\u00e4n pidon ja suojaa mekaaniselta kulumiselta.<\/span><\/span> <span class=\"jCAhz ChMk0b\" style=\"font-size: 14.4px;\"><span class=\"ryNqvb\">Saumattomat ty\u00f6k\u00e4sineet varmistavat sormenp\u00e4iden hyv\u00e4n tunnon.<\/span><\/span> <span class=\"jCAhz ChMk0b\" style=\"font-size: 14.4px;\"><span class=\"ryNqvb\">K\u00e4denselk\u00e4, joka ei ole paljas, varmistaa hengityksen ja k\u00e4sien mukavuuden.<\/span><\/span> <span class=\"jCAhz ChMk0b\" style=\"font-size: 14.4px;\"><span class=\"ryNqvb\">K\u00e4sineet sopivat k\u00e4ytett\u00e4v\u00e4ksi ty\u00f6ss\u00e4, jossa tarvitaan hyvin istuvia, hengitt\u00e4vi\u00e4 ja mukavia k\u00e4sineit\u00e4, mutta tarvitaan suojaa k\u00e4mmenelle ja sormille &#8211; k\u00e4sineet sopivat hyvin autoteknikoille, kokoonpano- ja hienomekaanikoille sek\u00e4 esimerkiksi puutarhat\u00f6ihin.<\/span><\/span> <span class=\"jCAhz ChMk0b\" style=\"font-size: 14.4px;\"><span class=\"ryNqvb\">Pakkauksessa 12 paria, laatikossa 240 paria.<\/span><\/span><span class=\"jCAhz ChMk0b\" style=\"font-size: 14.4px;\"><span class=\"ryNqvb\"> CE-tuotemerkint\u00e4 CAT II EN 388:2016 &#8211; 3131X<\/span><\/span><\/div>\n<\/div>\n<\/div>\n","protected":false},"excerpt":{"rendered":"<p>-Materiaali: Polyesteri, k\u00e4mmen PU<br \/>\n-Joustava neulottu ranneosa<br \/>\n-Hyv\u00e4 sormenp\u00e4iden tunto<\/p>\n","protected":false},"featured_media":715,"comment_status":"open","ping_status":"closed","template":"","meta":{"_monsterinsights_skip_tracking":false,"_monsterinsights_sitenote_active":false,"_monsterinsights_sitenote_note":"","_monsterinsights_sitenote_category":0},"product_brand":[],"product_cat":[123],"product_tag":[],"class_list":{"0":"post-710","1":"product","2":"type-product","3":"status-publish","4":"has-post-thumbnail","6":"product_cat-kattega-kindad","7":"pa_size_-106","8":"pa_size_-107","9":"pa_size_-104","10":"pa_size_-105","12":"first","13":"instock","14":"taxable","15":"shipping-taxable","16":"purchasable","17":"product-type-variable"},"aioseo_notices":[],"_links":{"self":[{"href":"https:\/\/kindad.eu\/fi\/wp-json\/wp\/v2\/product\/710","targetHints":{"allow":["GET"]}}],"collection":[{"href":"https:\/\/kindad.eu\/fi\/wp-json\/wp\/v2\/product"}],"about":[{"href":"https:\/\/kindad.eu\/fi\/wp-json\/wp\/v2\/types\/product"}],"replies":[{"embeddable":true,"href":"https:\/\/kindad.eu\/fi\/wp-json\/wp\/v2\/comments?post=710"}],"wp:featuredmedia":[{"embeddable":true,"href":"https:\/\/kindad.eu\/fi\/wp-json\/wp\/v2\/media\/715"}],"wp:attachment":[{"href":"https:\/\/kindad.eu\/fi\/wp-json\/wp\/v2\/media?parent=710"}],"wp:term":[{"taxonomy":"product_brand","embeddable":true,"href":"https:\/\/kindad.eu\/fi\/wp-json\/wp\/v2\/product_brand?post=710"},{"taxonomy":"product_cat","embeddable":true,"href":"https:\/\/kindad.eu\/fi\/wp-json\/wp\/v2\/product_cat?post=710"},{"taxonomy":"product_tag","embeddable":true,"href":"https:\/\/kindad.eu\/fi\/wp-json\/wp\/v2\/product_tag?post=710"}],"curies":[{"name":"wp","href":"https:\/\/api.w.org\/{rel}","templated":true}]}}