{"id":732,"date":"2026-03-20T11:08:57","date_gmt":"2026-03-20T11:08:57","guid":{"rendered":"https:\/\/kindad.eu\/en\/?post_type=product&#038;p=732"},"modified":"2026-03-20T11:18:35","modified_gmt":"2026-03-20T11:18:35","slug":"cif-pro-formula-washroom-5l-washroom-cleaner-and-limescale-remover","status":"publish","type":"product","link":"https:\/\/kindad.eu\/fi\/product\/cif-pro-formula-washroom-5l-washroom-cleaner-and-limescale-remover\/","title":{"rendered":"Cif Pro Formula Washroom 5L -Kylpyhuoneen puhdistusaine ja kalkinpoistoaine"},"content":{"rendered":"<p>Cif Pro Formula 2in1 -pesuhuoneen puhdistusaine poistaa kalkin, lian ja saippuaj\u00e4\u00e4m\u00e4t antaen s\u00e4ihkyv\u00e4n lopputuloksen ja pitk\u00e4kestoisen raikkaan tuoksun. Kylpyammeisiin, suihkuihin, pesualtaisiin ja wc-istuimiin. Turvallinen k\u00e4ytt\u00e4\u00e4: kromille, ruostumattomalle ter\u00e4kselle, muoville ja keramiikalle (ei sovellu marmorille ja muille happoherkille pinnoille).<\/p>\n<p>T\u00e4rkeimm\u00e4t ominaisuudet Tehokas pesuhuoneen puhdistusaine ja tehokas kalkinpoistoaine kylpyhuoneen kalkin, lian ja saippuaj\u00e4\u00e4mien poistamiseen. Tarjoaa s\u00e4ihkyv\u00e4n lopputuloksen. Ihanteellinen kylpyammeille, suihkuille, pesualtaille, wc-istuimille, kromille ja ruostumattomalle ter\u00e4kselle, muoville ja keramiikalle.<\/p>\n<p>Edut<\/p>\n<p>Puhdistaa ja poistaa kalkin<br \/>\nTurvallinen kromille ja ruostumattomalle ter\u00e4kselle<br \/>\nSis\u00e4lt\u00e4\u00e4 ammattimaisen koostumuksen<br \/>\nS\u00e4ihkyv\u00e4t tulokset<\/p>\n<p>Tuotteen k\u00e4ytt\u00f6ohjeet Suihkuta esikosteutetulle pinnalle, puhdista liinalla tai sienell\u00e4. Huuhtele pois.<\/p>\n","protected":false},"excerpt":{"rendered":"<p>Cif Pro Formula Kylpyhuoneen puhdistusaine 5L &#8211; Kylpyhuoneen puhdistusaine ja kalkinpoistoaine<br \/>\nM\u00c4\u00c4R\u00c4<br \/>\n1<br \/>\nLis\u00e4\u00e4 ostoskoriin<br \/>\nLis\u00e4\u00e4 listalle<br \/>\nCif Pro Formula 2in1 Kylpyhuoneen puhdistusaine poistaa kalkin, lian ja saippuaj\u00e4\u00e4m\u00e4t antaen s\u00e4ihkyv\u00e4n lopputuloksen ja pitk\u00e4kestoisen raikkaan tuoksun. Kylpyammeisiin, suihkuihin, pesualtaisiin ja WC:hen. Turvallinen k\u00e4ytt\u00e4\u00e4: kromilla, ruostumattomalla ter\u00e4ksell\u00e4, muovilla ja keraamisella (ei sovellu marmorille ja muille happoherkille pinnoille).<\/p>\n","protected":false},"featured_media":735,"comment_status":"open","ping_status":"closed","template":"","meta":{"_monsterinsights_skip_tracking":false,"_monsterinsights_sitenote_active":false,"_monsterinsights_sitenote_note":"","_monsterinsights_sitenote_category":0},"product_brand":[],"product_cat":[124],"product_tag":[],"class_list":{"0":"post-732","1":"product","2":"type-product","3":"status-publish","4":"has-post-thumbnail","6":"product_cat-puhastuskeemia","8":"first","9":"instock","10":"taxable","11":"shipping-taxable","12":"purchasable","13":"product-type-simple"},"aioseo_notices":[],"_links":{"self":[{"href":"https:\/\/kindad.eu\/fi\/wp-json\/wp\/v2\/product\/732","targetHints":{"allow":["GET"]}}],"collection":[{"href":"https:\/\/kindad.eu\/fi\/wp-json\/wp\/v2\/product"}],"about":[{"href":"https:\/\/kindad.eu\/fi\/wp-json\/wp\/v2\/types\/product"}],"replies":[{"embeddable":true,"href":"https:\/\/kindad.eu\/fi\/wp-json\/wp\/v2\/comments?post=732"}],"wp:featuredmedia":[{"embeddable":true,"href":"https:\/\/kindad.eu\/fi\/wp-json\/wp\/v2\/media\/735"}],"wp:attachment":[{"href":"https:\/\/kindad.eu\/fi\/wp-json\/wp\/v2\/media?parent=732"}],"wp:term":[{"taxonomy":"product_brand","embeddable":true,"href":"https:\/\/kindad.eu\/fi\/wp-json\/wp\/v2\/product_brand?post=732"},{"taxonomy":"product_cat","embeddable":true,"href":"https:\/\/kindad.eu\/fi\/wp-json\/wp\/v2\/product_cat?post=732"},{"taxonomy":"product_tag","embeddable":true,"href":"https:\/\/kindad.eu\/fi\/wp-json\/wp\/v2\/product_tag?post=732"}],"curies":[{"name":"wp","href":"https:\/\/api.w.org\/{rel}","templated":true}]}}