{"id":740,"date":"2026-03-20T12:04:06","date_gmt":"2026-03-20T12:04:06","guid":{"rendered":"https:\/\/kindad.eu\/?post_type=product&#038;p=740"},"modified":"2026-04-13T07:43:59","modified_gmt":"2026-04-13T07:43:59","slug":"hygostar-ideal-light-vinyl-gloves-vinuulkindad-puudrita-100tk","status":"publish","type":"product","link":"https:\/\/kindad.eu\/fi\/product\/hygostar-ideal-light-vinyl-gloves-vinuulkindad-puudrita-100tk\/","title":{"rendered":"Hygostar Ideal Light vinyl gloves Vin\u00fc\u00fclkindad puudrita 100tk"},"content":{"rendered":"<div class=\"productDesc\">\n<h3>HYGONORM Ideal Light Vin\u00fc\u00fclkindad, Puudrivabad, 100 tk<\/h3>\n<p>Avasta usaldusv\u00e4\u00e4rne kaitse ja mugavus HYGONORM Ideal Light vin\u00fc\u00fclkinnastega. Need puudrivabad kindad on ideaalne valik h\u00fcgieeni hoidmiseks ja ohutuse tagamiseks erinevates olukordades, alates professionaalsetest \u00fclesannetest kuni igap\u00e4evase kasutamiseni. Need sobivad suurep\u00e4raselt toidu valmistamiseks, toiduainetet\u00f6\u00f6stusesse ja meditsiiniasutustesse, pakkudes usaldusv\u00e4\u00e4rset k\u00e4tekaitset.<\/p>\n<p>Valmistatud l\u00e4bipaistvast ja vastupidavast vin\u00fc\u00fclist, on need ambidekstraalsed kindad mugavad ja kindla istuvusega, sobides m\u00f5lemale k\u00e4ele. Nende 24 cm pikkus tagab piisava katvuse enamiku \u00fclesannete jaoks. Need on loodud kasutaja heaolu silmas pidades ning on h\u00fcpoallergeensed, t\u00e4ielikult lateksi- ja puudrivabad, muutes need erakordselt nahas\u00f5bralikuks ja sobivaks tundlikele inimestele.<\/p>\n<p>HYGONORM Ideal Light kindad pakuvad kulut\u00f5husat alternatiivi traditsioonilistele lateks- v\u00f5i nitriilkinnastele, pakkudes kvaliteetset kaitset kompromissideta. Need mitmek\u00fclgsed \u00fchekordselt kasutatavad kindad on suurep\u00e4rane lahendus \u00fcldiseks kasutamiseks, kus h\u00fcgieen on esmat\u00e4htis. Palume arvestada, et vin\u00fc\u00fclkindad ei ole soovitatavad v\u00e4ga rasvaste toiduainetega t\u00f6\u00f6tamiseks.<\/p>\n<h3>Omadused<\/h3>\n<ul>\n<li><strong>T\u00fc\u00fcp:<\/strong>\u00a0Vin\u00fc\u00fclkindad<\/li>\n<li><strong>Kogus:<\/strong>\u00a0100 t\u00fckki<\/li>\n<li><strong>Suurus:<\/strong><\/li>\n<li><strong>V\u00e4rv:<\/strong>\u00a0L\u00e4bipaistev<\/li>\n<li><strong>Pikkus:<\/strong>\u00a024 cm<\/li>\n<li><strong>Omadused:<\/strong>\u00a0Puudrivabad, Lateksivabad, H\u00fcpoallergeensed, Sobivad m\u00f5lemale k\u00e4ele (ambidekstraalsed), Vastupidavad<\/li>\n<li><strong>Soovitatavad kasutusvaldkonnad:<\/strong>\u00a0Toidu valmistamine, Toiduainet\u00f6\u00f6stus, Meditsiinivaldkond<\/li>\n<li><strong>Eriline m\u00e4rkus:<\/strong>\u00a0Ei sobi v\u00e4ga rasvaste toiduainetega<\/li>\n<\/ul>\n<\/div>\n<hr \/>\n<h3>Omadused<\/h3>\n<div class=\"params\">\n<div class=\"param\"><i>Br\u00e4nd<\/i><b><a href=\"https:\/\/charlot.ee\/majapidamine\/majapidamise-puhastus-ja-hooldusvahendid\/kindad\/hygonorm-ideal-light-vinuulkindad-puudrita-l-100tk\/#\">Muud<\/a><\/b><\/div>\n<div class=\"param\"><i>Artikkel<\/i><b>C88533<\/b><\/div>\n<div class=\"param\"><i>EAN<\/i><b>4015544268195<\/b><\/div>\n<div class=\"param\"><i>Tootja kood<\/i><b>C88533<\/b><\/div>\n<\/div>\n","protected":false},"excerpt":{"rendered":"<p>HYGONORM Ideal Light -k\u00e4sineet tarjoavat kustannustehokkaan vaihtoehdon perinteisille lateksi- tai nitriilik\u00e4sineille, tarjoten korkealaatuista suojaa ilman kompromisseja. N\u00e4m\u00e4 monipuoliset kertak\u00e4ytt\u00f6k\u00e4sineet ovat loistava ratkaisu yleisk\u00e4ytt\u00f6\u00f6n, jossa hygienia on etusijalla. Huomaa, ett\u00e4 vinyylik\u00e4sineit\u00e4 ei suositella eritt\u00e4in rasvaisten elintarvikkeiden k\u00e4sittelyyn.<\/p>\n","protected":false},"featured_media":743,"comment_status":"open","ping_status":"closed","template":"","meta":{"_monsterinsights_skip_tracking":false,"_monsterinsights_sitenote_active":false,"_monsterinsights_sitenote_note":"","_monsterinsights_sitenote_category":0},"product_brand":[],"product_cat":[94,18],"product_tag":[],"class_list":{"0":"post-740","1":"product","2":"type-product","3":"status-publish","4":"has-post-thumbnail","6":"product_cat-kummikindad-nitriilkindad","7":"product_cat-maaramata","8":"pa_size-l","9":"pa_size-m","10":"pa_size-s","11":"pa_size-xl","12":"pa_size-xxl","14":"first","15":"instock","16":"taxable","17":"shipping-taxable","18":"purchasable","19":"product-type-variable"},"aioseo_notices":[],"_links":{"self":[{"href":"https:\/\/kindad.eu\/fi\/wp-json\/wp\/v2\/product\/740","targetHints":{"allow":["GET"]}}],"collection":[{"href":"https:\/\/kindad.eu\/fi\/wp-json\/wp\/v2\/product"}],"about":[{"href":"https:\/\/kindad.eu\/fi\/wp-json\/wp\/v2\/types\/product"}],"replies":[{"embeddable":true,"href":"https:\/\/kindad.eu\/fi\/wp-json\/wp\/v2\/comments?post=740"}],"wp:featuredmedia":[{"embeddable":true,"href":"https:\/\/kindad.eu\/fi\/wp-json\/wp\/v2\/media\/743"}],"wp:attachment":[{"href":"https:\/\/kindad.eu\/fi\/wp-json\/wp\/v2\/media?parent=740"}],"wp:term":[{"taxonomy":"product_brand","embeddable":true,"href":"https:\/\/kindad.eu\/fi\/wp-json\/wp\/v2\/product_brand?post=740"},{"taxonomy":"product_cat","embeddable":true,"href":"https:\/\/kindad.eu\/fi\/wp-json\/wp\/v2\/product_cat?post=740"},{"taxonomy":"product_tag","embeddable":true,"href":"https:\/\/kindad.eu\/fi\/wp-json\/wp\/v2\/product_tag?post=740"}],"curies":[{"name":"wp","href":"https:\/\/api.w.org\/{rel}","templated":true}]}}