{"id":759,"date":"2026-03-20T13:20:39","date_gmt":"2026-03-20T13:20:39","guid":{"rendered":"https:\/\/kindad.eu\/en\/?post_type=product&#038;p=759"},"modified":"2026-03-20T13:27:03","modified_gmt":"2026-03-20T13:27:03","slug":"sure-grill-cleaner-2x5l-w1779","status":"publish","type":"product","link":"https:\/\/kindad.eu\/fi\/product\/sure-grill-cleaner-2x5l-w1779\/","title":{"rendered":"Diversey SURE Grill Cleaner uunin ja grillin puhdistusaine 5 l"},"content":{"rendered":"<p>Kuvaus<br \/>\nSURE Grill Cleaner on osa ainutlaatuista kasvipohjaisten, 100 % biohajoavien ammattitason puhdistusaineiden valikoimaa, joka sopii kaikkiin p\u00e4ivitt\u00e4isiin puhdistustarpeisiin. SURE Grill Cleaner on pesuaine, joka sopii eritt\u00e4in likaisten pintojen, kuten uunien, grillien tai salamanterien, p\u00e4ivitt\u00e4iseen puhdistukseen.<\/p>\n<p>T\u00e4rkeimm\u00e4t ominaisuudet<\/p>\n<p>Sopii uunien, grillien, salamanterien, paistien tai suodattimien p\u00e4ivitt\u00e4iseen puhdistukseen<br \/>\nEi hajusteita eik\u00e4 v\u00e4riaineita<br \/>\nSis\u00e4lt\u00e4\u00e4 uusiutuvista l\u00e4hteist\u00e4 per\u00e4isin olevia kasvipohjaisia \u200b\u200bainesosia<br \/>\n100 % biohajoava ja hajoaa luonnollisissa prosesseissa<br \/>\nEi ymp\u00e4rist\u00f6vaaraluokituksia<br \/>\nEdut<\/p>\n<p>Kehitetty erityisesti p\u00e4ivitt\u00e4iseen puhdistukseen<br \/>\nViskoosi tuote tarttuu erinomaisesti pystysuoriin pintoihin<br \/>\nHelppo huuhdella<br \/>\nPienempi ymp\u00e4rist\u00f6vaikutus<br \/>\nTuotteen k\u00e4ytt\u00f6ohjeet<br \/>\nTurvallisen k\u00e4yt\u00f6n varmistamiseksi suosittelemme vahvasti valmistajan k\u00e4ytt\u00f6ohjeen lukemista huolellisesti ennen mink\u00e4\u00e4n toiminnan aloittamista.<\/p>\n<p>Suihkutuspuhdistus:<\/p>\n<p>Irrota s\u00e4hk\u00f6laitteet.<br \/>\nAnna laitteen j\u00e4\u00e4hty\u00e4 50\u201370 \u00b0C:seen.<br \/>\nPoista roskat ennen tuotteen levitt\u00e4mist\u00e4.<br \/>\nLevit\u00e4 SURE Grill Cleaner -puhdistusainetta suihkuttamalla sit\u00e4 pinnalle. Anna vaikuttaa 15 minuuttia.<br \/>\nHankaa j\u00e4\u00e4m\u00e4t pois harjalla tai grillityynyll\u00e4.<br \/>\nHuuhtele kahdesti puhtaalla vedell\u00e4 ja anna kuivua ilmassa.<\/p>\n<p>\u00c4mp\u00e4rin puhdistus:<br \/>\nIrrota s\u00e4hk\u00f6laitteet s\u00e4hk\u00f6st\u00e4.<br \/>\nAnnostele 100 ml SURE-grillipuhdistusainetta \u00e4mp\u00e4riin litraa vett\u00e4 kohden (10 % pitoisuus).<br \/>\nPoista roskat ennen tuotteen levitt\u00e4mist\u00e4.<br \/>\nLevit\u00e4 liuos tai liota osia liuoksessa. Anna vaikuttaa 15 minuuttia.<br \/>\nHankaa j\u00e4\u00e4m\u00e4t pois harjalla tai grillityynyll\u00e4.<br \/>\nHuuhtele kahdesti puhtaalla vedell\u00e4 ja anna kuivua ilmassa.<\/p>\n","protected":false},"excerpt":{"rendered":"<p>SURE Grill Cleaner on pesuvahend, mis sobib tugevalt m\u00e4\u00e4rdunud pindade, n\u00e4iteks ahjude, grillide v\u00f5i salamandrite igap\u00e4evaseks puhastamiseks.<\/p>\n","protected":false},"featured_media":760,"comment_status":"open","ping_status":"closed","template":"","meta":{"_monsterinsights_skip_tracking":false,"_monsterinsights_sitenote_active":false,"_monsterinsights_sitenote_note":"","_monsterinsights_sitenote_category":0},"product_brand":[],"product_cat":[124],"product_tag":[],"class_list":{"0":"post-759","1":"product","2":"type-product","3":"status-publish","4":"has-post-thumbnail","6":"product_cat-puhastuskeemia","8":"first","9":"instock","10":"taxable","11":"shipping-taxable","12":"purchasable","13":"product-type-simple"},"aioseo_notices":[],"_links":{"self":[{"href":"https:\/\/kindad.eu\/fi\/wp-json\/wp\/v2\/product\/759","targetHints":{"allow":["GET"]}}],"collection":[{"href":"https:\/\/kindad.eu\/fi\/wp-json\/wp\/v2\/product"}],"about":[{"href":"https:\/\/kindad.eu\/fi\/wp-json\/wp\/v2\/types\/product"}],"replies":[{"embeddable":true,"href":"https:\/\/kindad.eu\/fi\/wp-json\/wp\/v2\/comments?post=759"}],"wp:featuredmedia":[{"embeddable":true,"href":"https:\/\/kindad.eu\/fi\/wp-json\/wp\/v2\/media\/760"}],"wp:attachment":[{"href":"https:\/\/kindad.eu\/fi\/wp-json\/wp\/v2\/media?parent=759"}],"wp:term":[{"taxonomy":"product_brand","embeddable":true,"href":"https:\/\/kindad.eu\/fi\/wp-json\/wp\/v2\/product_brand?post=759"},{"taxonomy":"product_cat","embeddable":true,"href":"https:\/\/kindad.eu\/fi\/wp-json\/wp\/v2\/product_cat?post=759"},{"taxonomy":"product_tag","embeddable":true,"href":"https:\/\/kindad.eu\/fi\/wp-json\/wp\/v2\/product_tag?post=759"}],"curies":[{"name":"wp","href":"https:\/\/api.w.org\/{rel}","templated":true}]}}