{"id":762,"date":"2026-03-20T13:47:33","date_gmt":"2026-03-20T13:47:33","guid":{"rendered":"https:\/\/kindad.eu\/?post_type=product&#038;p=762"},"modified":"2026-03-20T13:53:24","modified_gmt":"2026-03-20T13:53:24","slug":"diwa-bac-kontsentraat-desinfitseeriv-norgalt-aluseline-uldpesuaine-5l","status":"publish","type":"product","link":"https:\/\/kindad.eu\/fi\/product\/diwa-bac-kontsentraat-desinfitseeriv-norgalt-aluseline-uldpesuaine-5l\/","title":{"rendered":"Diwa Bac -tiiviste \u2013 desinfioiva, heikosti em\u00e4ksinen yleispesuaine 5L"},"content":{"rendered":"<p>P\u00e4ivitt\u00e4iseen desinfioivaan puhdistukseen elintarviketeollisuudessa, suurkeitti\u00f6iss\u00e4, hotelleissa, lasten ja terveydenhuollon laitoksissa \u2013 paikoissa, joissa tiukemmat hygieniavaatimukset ovat normi. Sopii k\u00e4ytett\u00e4v\u00e4ksi my\u00f6s kotona, saunoissa, suihku- ja wc-tiloissa.<\/p>\n<p>Tuote yhdist\u00e4\u00e4 sek\u00e4 pesu- ett\u00e4 desinfiointiominaisuudet, tuote ei sis\u00e4ll\u00e4 lis\u00e4ttyj\u00e4 hajusteita. Sopii kaikkien vett\u00e4 kest\u00e4vien pintojen (maalatut, lakatut, laatoitettu, fajanssi, muovi, puu jne. pinnat) ja laitteiden desinfioivaan puhdistukseen. Poistaa ep\u00e4miellytt\u00e4v\u00e4t hajut. Vaikuttaa bakteereja tappavasti Gram+ ja Gram-iti\u00f6it\u00e4 muodostaviin ja ei-iti\u00f6it\u00e4 muodostaviin bakteereihin, hiivoihin ja homeisiin.<\/p>\n<p>K\u00e4yt\u00e4 biosidi\u00e4 turvallisesti. Lue aina etiketti ja tuotetiedot ennen k\u00e4ytt\u00f6\u00e4.<\/p>\n<p>Aineen pH 10,5<\/p>\n<p>1. Laimennus (t\u00e4rkein)<\/p>\n<p>Normaali k\u00e4ytt\u00f6:<\/p>\n<p>10\u201320 ml ainetta per 1 litra vett\u00e4 (\u2248 1\u20132 % liuos)<\/p>\n<p>Tehokkaampaan desinfiointiin:<\/p>\n<p>enint\u00e4\u00e4n 50 ml \/ 1 l vett\u00e4<\/p>\n<p>\ud83d\udc49 T\u00e4m\u00e4 perustuu vastaavien desinfiointiaineiden tyypilliseen annostukseen<\/p>\n<p>2. Puhdistus<\/p>\n<p>Levit\u00e4 liuos pinnalle (liinalla, mopilla tai suihkeella)<\/p>\n<p>Pese pinta tasaisesti<\/p>\n<p>Sopii:<\/p>\n<p>keitti\u00f6\u00f6n, kylpyhuoneeseen, wc:hen<\/p>\n<p>saunaan, suihkuhuoneeseen<\/p>\n<p>kaikille vett\u00e4 kest\u00e4ville pinnoille (laatta, muovi, puu, metalli jne.)<\/p>\n<p>3. Vaikutusaika<br \/>\nAnna vaikuttaa v\u00e4hint\u00e4\u00e4n 5\u201310 minuuttia, jotta desinfiointiaine vaikuttaa<\/p>\n<p>Pid\u00e4 pinta tarvittaessa kosteana t\u00e4n\u00e4 aikana<\/p>\n<p>4. Huuhtelu<br \/>\nElintarvikepinnoilla: huuhtele puhtaalla vedell\u00e4<\/p>\n<p>Muilla pinnoilla: yleens\u00e4 ei tarvita, ellei ohjeissa toisin mainita<\/p>\n<p>5. Kuivaus<br \/>\nAnna kuivua tai pyyhi kuiva<\/p>\n<p>\u26a0\ufe0f T\u00e4rke\u00e4\u00e4 muistaa<br \/>\nT\u00e4m\u00e4 on heikosti em\u00e4ksinen aine \u2192 k\u00e4yt\u00e4 tarvittaessa k\u00e4sineit\u00e4<\/p>\n<p>\u00c4l\u00e4 sekoita muiden kemikaalien kanssa<\/p>\n<p>Pid\u00e4 poissa lasten ulottuvilta<\/p>\n<p>Lue aina pakkauksen etiketti ennen k\u00e4ytt\u00f6\u00e4<\/p>\n","protected":false},"excerpt":{"rendered":"<p>desinfitseeriv puhastamine toiduainetet\u00f6\u00f6stuses, suurk\u00f6\u00f6kides, hotellides, laste- ja tervishoiuasutustes \u2013 kohtades, kus k\u00f5rgendatud h\u00fcgieenin\u00f5uded on normiks. Sobib kasutada ka koduses majapidamises, sauna-, du\u0161i- ja tualettruumides.<\/p>\n","protected":false},"featured_media":763,"comment_status":"open","ping_status":"closed","template":"","meta":{"_monsterinsights_skip_tracking":false,"_monsterinsights_sitenote_active":false,"_monsterinsights_sitenote_note":"","_monsterinsights_sitenote_category":0},"product_brand":[],"product_cat":[124],"product_tag":[],"class_list":{"0":"post-762","1":"product","2":"type-product","3":"status-publish","4":"has-post-thumbnail","6":"product_cat-puhastuskeemia","8":"first","9":"instock","10":"taxable","11":"shipping-taxable","12":"purchasable","13":"product-type-simple"},"aioseo_notices":[],"_links":{"self":[{"href":"https:\/\/kindad.eu\/fi\/wp-json\/wp\/v2\/product\/762","targetHints":{"allow":["GET"]}}],"collection":[{"href":"https:\/\/kindad.eu\/fi\/wp-json\/wp\/v2\/product"}],"about":[{"href":"https:\/\/kindad.eu\/fi\/wp-json\/wp\/v2\/types\/product"}],"replies":[{"embeddable":true,"href":"https:\/\/kindad.eu\/fi\/wp-json\/wp\/v2\/comments?post=762"}],"wp:featuredmedia":[{"embeddable":true,"href":"https:\/\/kindad.eu\/fi\/wp-json\/wp\/v2\/media\/763"}],"wp:attachment":[{"href":"https:\/\/kindad.eu\/fi\/wp-json\/wp\/v2\/media?parent=762"}],"wp:term":[{"taxonomy":"product_brand","embeddable":true,"href":"https:\/\/kindad.eu\/fi\/wp-json\/wp\/v2\/product_brand?post=762"},{"taxonomy":"product_cat","embeddable":true,"href":"https:\/\/kindad.eu\/fi\/wp-json\/wp\/v2\/product_cat?post=762"},{"taxonomy":"product_tag","embeddable":true,"href":"https:\/\/kindad.eu\/fi\/wp-json\/wp\/v2\/product_tag?post=762"}],"curies":[{"name":"wp","href":"https:\/\/api.w.org\/{rel}","templated":true}]}}