{"id":768,"date":"2026-03-24T14:40:58","date_gmt":"2026-03-24T14:40:58","guid":{"rendered":"https:\/\/kindad.eu\/?post_type=product&#038;p=768"},"modified":"2026-04-13T07:43:23","modified_gmt":"2026-04-13T07:43:23","slug":"korvatropid-nooriga-qed301c","status":"publish","type":"product","link":"https:\/\/kindad.eu\/fi\/product\/korvatropid-nooriga-qed301c\/","title":{"rendered":"Korvatulpat narulla"},"content":{"rendered":"<p>MANUAL\u00a0 <a href=\"https:\/\/kindad.eu\/?attachment_id=771\" rel=\"attachment wp-att-771\">UIS_New_Brand_2024_Hearing Protection_QED_QED601_C_301-C-CD_User-Information_v1.6<\/a><\/p>\n<p>Kertak\u00e4ytt\u00f6iset, hitaasti palautuvat vaahtomuoviset korvatulpat narulla, jotka suojaavat korviasi kovalta melulta.<\/p>\n<p>N\u00e4m\u00e4 kertak\u00e4ytt\u00f6iset korvatulpat tarjoavat mukavan kuulonsuojauksen. Arusha-korvatulpat suojaavat kovalta tai jatkuvalta melulta ja v\u00e4hent\u00e4v\u00e4t \u00e4\u00e4nenvoimakkuutta turvalliselle tasolle jopa eritt\u00e4in meluisissa ymp\u00e4rist\u00f6iss\u00e4. Helppok\u00e4ytt\u00f6inen: rullaa korvatulpat pieneksi sylinteriksi, aseta ne korvak\u00e4yt\u00e4v\u00e4\u00e4n ja odota, kunnes ne laajenevat mukavasti. Korvatulpat on yhdistetty muovinauhalla, jotta niit\u00e4 voi pit\u00e4\u00e4 kaulassa k\u00e4yt\u00f6n aikana.<\/p>\n","protected":false},"excerpt":{"rendered":"<p>-Polyuretaanivaahtonarulliset korvatulpat<br \/>\n-SNR: 37 dB<br \/>\n-Hygieeninen pakkaus<br \/>\n-Muovinauha<br \/>\n-Kirkas v\u00e4ri<\/p>\n","protected":false},"featured_media":769,"comment_status":"open","ping_status":"closed","template":"","meta":{"_monsterinsights_skip_tracking":false,"_monsterinsights_sitenote_active":false,"_monsterinsights_sitenote_note":"","_monsterinsights_sitenote_category":0},"product_brand":[],"product_cat":[84,85],"product_tag":[],"class_list":{"0":"post-768","1":"product","2":"type-product","3":"status-publish","4":"has-post-thumbnail","6":"product_cat-isikukaitsevahend","7":"product_cat-tarvikud-ja-ohutus","9":"first","10":"instock","11":"taxable","12":"shipping-taxable","13":"purchasable","14":"product-type-simple"},"aioseo_notices":[],"_links":{"self":[{"href":"https:\/\/kindad.eu\/fi\/wp-json\/wp\/v2\/product\/768","targetHints":{"allow":["GET"]}}],"collection":[{"href":"https:\/\/kindad.eu\/fi\/wp-json\/wp\/v2\/product"}],"about":[{"href":"https:\/\/kindad.eu\/fi\/wp-json\/wp\/v2\/types\/product"}],"replies":[{"embeddable":true,"href":"https:\/\/kindad.eu\/fi\/wp-json\/wp\/v2\/comments?post=768"}],"wp:featuredmedia":[{"embeddable":true,"href":"https:\/\/kindad.eu\/fi\/wp-json\/wp\/v2\/media\/769"}],"wp:attachment":[{"href":"https:\/\/kindad.eu\/fi\/wp-json\/wp\/v2\/media?parent=768"}],"wp:term":[{"taxonomy":"product_brand","embeddable":true,"href":"https:\/\/kindad.eu\/fi\/wp-json\/wp\/v2\/product_brand?post=768"},{"taxonomy":"product_cat","embeddable":true,"href":"https:\/\/kindad.eu\/fi\/wp-json\/wp\/v2\/product_cat?post=768"},{"taxonomy":"product_tag","embeddable":true,"href":"https:\/\/kindad.eu\/fi\/wp-json\/wp\/v2\/product_tag?post=768"}],"curies":[{"name":"wp","href":"https:\/\/api.w.org\/{rel}","templated":true}]}}