{"id":800,"date":"2026-03-31T12:09:14","date_gmt":"2026-03-31T12:09:14","guid":{"rendered":"https:\/\/kindad.eu\/?post_type=product&#038;p=800"},"modified":"2026-03-31T12:32:20","modified_gmt":"2026-03-31T12:32:20","slug":"diversey-clax-saturn-3gp5-pesupulber-25kg","status":"publish","type":"product","link":"https:\/\/kindad.eu\/fi\/product\/diversey-clax-saturn-3gp5-pesupulber-25kg\/","title":{"rendered":"Diversey Clax Saturn 3GP5 Tekstiilien pesujauheet 25kg"},"content":{"rendered":"<p><span class=\"fancy-underline\"><a href=\"https:\/\/kindad.eu\/fi\/?attachment_id=804\" rel=\"attachment wp-att-804\">Clax-Saturn-3GP5-20kg-Tekstiilien-pesujauheet<\/a><\/span><\/p>\n<p><span class=\"fancy-underline\"><a href=\"https:\/\/kindad.eu\/fi\/?attachment_id=803\" rel=\"attachment wp-att-803\">K00106-MASTER<\/a><\/span><\/p>\n<p>&nbsp;<\/p>\n<p><strong>Clax Saturn 3GP5 25kg \u2013 Tekstiilien pesujauheet<\/strong><\/p>\n<p>Clax Saturn on p\u00e4\u00e4pesuun tarkoitettu pesuaine, joka on erityisesti kehitetty k\u00e4ytett\u00e4v\u00e4ksi kaupallisissa ja toimitilojen pesuloissa. Tuotetta voidaan k\u00e4ytt\u00e4\u00e4 kaikille veden kovuusalueille ja se soveltuu eritt\u00e4in likaisten puuvilla- ja polycotton-kankaiden pesuun.<\/p>\n<p><strong>T\u00e4rkeimm\u00e4t ominaisuudet:<\/strong><\/p>\n<ul>\n<li>Clax Saturn on hyvin rakennettu, eritt\u00e4in em\u00e4ksinen tuote, joka perustuu saippuan, ionittomien aineiden, veden kovuutta sitovien aineiden, alkalisuolojen, harmaantumisenesto- ja korroosionestoaineiden sekoitukseen. Vahva fosfaattipohjainen rakennusj\u00e4rjestelm\u00e4 varmistaa alhaisen veden kovuuden ionipitoisuuden ja est\u00e4\u00e4 siten pesuainekomponenttien saostumisen. Fosfaatit toimivat my\u00f6s harmaantumisenestoaineina pit\u00e4m\u00e4ll\u00e4 maapartikkelit suspensiossa (est\u00e4\u00e4 uudelleensaostumisen). Lis\u00e4ksi tuotteeseen on sis\u00e4llytetty muita ainesosia, joilla on saostumista est\u00e4vi\u00e4 ominaisuuksia.<\/li>\n<li>Clax Saturn on formuloitu silikaateista, jotka ovat p\u00e4\u00e4asiallinen alkaliteetin l\u00e4hde ja toimivat korroosionesto- ja valkaisun stabilointiaineina. Tuote sis\u00e4lt\u00e4\u00e4 my\u00f6s optista kirkastetta, joka varmistaa pitk\u00e4kestoisen valkoisuuden, sek\u00e4 lis\u00e4\u00e4 valkaisua stabiloivia aineita.<\/li>\n<li>Clax Saturnia k\u00e4ytet\u00e4\u00e4n yleisimmin yhdess\u00e4 pinta-aktiivisen tehosteen kanssa. T\u00e4m\u00e4 tuoteyhdistelm\u00e4 johtaa erinomaiseen rasvaisen\/\u00f6ljyisen lian poistoon ja hajottamiseen. Yhdess\u00e4 valkaisuaineen kanssa n\u00e4m\u00e4 tuotteet tarjoavat vahvan j\u00e4rjestelm\u00e4n, jota voidaan k\u00e4ytt\u00e4\u00e4 eritt\u00e4in likaisten ty\u00f6vaatteiden puhdistamiseen elintarviketeollisuudesta, teurastamoista, kalastuksesta jne.<\/li>\n<li>Toinen Clax Saturnin t\u00e4rke\u00e4 etu on, ett\u00e4 se mahdollistaa esipesuvaiheen ohituksen, mik\u00e4 johtaa huomattavaan vesim\u00e4\u00e4r\u00e4\u00e4n. , energian ja ajan s\u00e4\u00e4st\u00f6j\u00e4. Diversey yll\u00e4pit\u00e4\u00e4 korkeita ihmis- ja ymp\u00e4rist\u00f6turvallisuusstandardeja maailmanlaajuisesti. Ota yhteytt\u00e4 paikalliseen tekniseen johtajaamme tai myyntiedustajaamme, jos sinulla on kysytt\u00e4v\u00e4\u00e4 tai kommentteja Diversey-tuotteiden ihmis- ja ymp\u00e4rist\u00f6turvallisuusprofiilista.<\/li>\n<\/ul>\n<p><strong>Edut:<\/strong><\/p>\n<p>Erinomainen suorituskyky eritt\u00e4in likaisissa ty\u00f6vaatteissa. Est\u00e4\u00e4 liinavaatteiden harmaantumisen: stabiloi likahiukkasia pesunesteess\u00e4. Varmistaa pitk\u00e4kestoisen valkoisuuden. S\u00e4\u00e4st\u00e4\u00e4 vett\u00e4, energiaa ja aikaa, kun sit\u00e4 k\u00e4ytet\u00e4\u00e4n mineraali\u00f6ljyll\u00e4 likaantuneiden ty\u00f6vaatteiden pesuun (j\u00e4tt\u00e4m\u00e4ll\u00e4 esipesun v\u00e4liin). Est\u00e4\u00e4 koneen osien korroosiota.<\/p>\n<p><strong>Tuotteen k\u00e4ytt\u00f6ohje:<\/strong><\/p>\n<p><strong>Saat parhaat tulokset:<\/strong><\/p>\n<ol>\n<li>k\u00e4yt\u00e4 pehme\u00e4\u00e4 vett\u00e4,<\/li>\n<li>erotella polyesteripuuvillatuotteet muista tuotteista ja pest\u00e4 erikseen,<\/li>\n<li>erilliset valkoiset ja v\u00e4rilliset tavarat,<\/li>\n<li>alalajitella tiedot kevyet, keskilikaiset ja eritt\u00e4in likaiset tuotteet.<\/li>\n<\/ol>\n<p><img decoding=\"async\" src=\"https:\/\/www.medipment.pl\/resources\/2\/94232\" \/><\/p>\n","protected":false},"excerpt":{"rendered":"<p>Pulbriline pesuvahend tugevalt m\u00e4\u00e4rdunud t\u00f6\u00f6riiete pesemiseks<\/p>\n","protected":false},"featured_media":801,"comment_status":"open","ping_status":"closed","template":"","meta":{"_monsterinsights_skip_tracking":false,"_monsterinsights_sitenote_active":false,"_monsterinsights_sitenote_note":"","_monsterinsights_sitenote_category":0},"product_brand":[],"product_cat":[124],"product_tag":[],"class_list":{"0":"post-800","1":"product","2":"type-product","3":"status-publish","4":"has-post-thumbnail","6":"product_cat-puhastuskeemia","8":"first","9":"instock","10":"taxable","11":"shipping-taxable","12":"purchasable","13":"product-type-simple"},"aioseo_notices":[],"_links":{"self":[{"href":"https:\/\/kindad.eu\/fi\/wp-json\/wp\/v2\/product\/800","targetHints":{"allow":["GET"]}}],"collection":[{"href":"https:\/\/kindad.eu\/fi\/wp-json\/wp\/v2\/product"}],"about":[{"href":"https:\/\/kindad.eu\/fi\/wp-json\/wp\/v2\/types\/product"}],"replies":[{"embeddable":true,"href":"https:\/\/kindad.eu\/fi\/wp-json\/wp\/v2\/comments?post=800"}],"wp:featuredmedia":[{"embeddable":true,"href":"https:\/\/kindad.eu\/fi\/wp-json\/wp\/v2\/media\/801"}],"wp:attachment":[{"href":"https:\/\/kindad.eu\/fi\/wp-json\/wp\/v2\/media?parent=800"}],"wp:term":[{"taxonomy":"product_brand","embeddable":true,"href":"https:\/\/kindad.eu\/fi\/wp-json\/wp\/v2\/product_brand?post=800"},{"taxonomy":"product_cat","embeddable":true,"href":"https:\/\/kindad.eu\/fi\/wp-json\/wp\/v2\/product_cat?post=800"},{"taxonomy":"product_tag","embeddable":true,"href":"https:\/\/kindad.eu\/fi\/wp-json\/wp\/v2\/product_tag?post=800"}],"curies":[{"name":"wp","href":"https:\/\/api.w.org\/{rel}","templated":true}]}}