{"id":806,"date":"2026-03-31T12:51:29","date_gmt":"2026-03-31T12:51:29","guid":{"rendered":"https:\/\/kindad.eu\/?post_type=product&#038;p=806"},"modified":"2026-03-31T12:55:40","modified_gmt":"2026-03-31T12:55:40","slug":"clax-activ-42c1-10kg","status":"publish","type":"product","link":"https:\/\/kindad.eu\/fi\/product\/clax-activ-42c1-10kg\/","title":{"rendered":"Clax Activ 42C1 valkaisuaine  10kg"},"content":{"rendered":"<p>Clax Activ conc on erityisesti ammattimaiseen tekstiilienpesuun kehitetty valkaisuaine. Tuotetta k\u00e4ytet\u00e4\u00e4n huuhtelun yhteydess\u00e4 40-\u009660\u00b0C l\u00e4mp\u00f6tiloissa.<br \/>\nSit\u00e4 voidaan k\u00e4ytt\u00e4\u00e4 l\u00e4hes kaikentyyppisten valkoisten tekstiilien kanssa.<br \/>\nClax Activ conc on tehokas keskil\u00e4mp\u00f6tilan valkaisumenetelm\u00e4, joka perustuu isosyanuraattiin, em\u00e4ssuoloihin sek\u00e4 valkaisua stabiloiviin aineisiin. Valkaisevaa<br \/>\nhypokloriittia muodostuu, kun isosyanuraatti liukenee veteen. Em\u00e4ssuolot v\u00e4hent\u00e4v\u00e4t mahdollisia kloorista aiheutuvia hajuhaittoja.<br \/>\nTuotetta voidaan k\u00e4ytt\u00e4\u00e4 valkoisille tekstiileille. Sit\u00e4 ei tule k\u00e4ytt\u00e4\u00e4 v\u00e4rillisten tekstiilien, paitsi klooria kest\u00e4vien leikkaussalitekstiilien, valkaisuun.<br \/>\nHyv\u00e4n valkaisutehon aikaansaamiseksi mahdollisimman v\u00e4hin kuituvaurioin, valkaisul\u00e4mp\u00f6tilan tulee olla 40\u0096-60\u00b0C ja liuoksen pH:n yli 10. Liukenematon isosyanuraatti saattaa aiheuttaa tekstiilien reikiintymist\u00e4, joten on huolehdittava siit\u00e4, ett\u00e4 Clax Activ conc liukenee hyvin.<br \/>\nPakkaus: 10 kg:n sanko.<\/p>\n<p>Clax Activ conc my\u00f6s desinfioi tekstiilin, mik\u00e4li l\u00e4mp\u00f6tila, pH-olosuhteet ja kontaktiaika ovat oikeat. Huom! T\u00e4m\u00e4ntyyppist\u00e4 valkaisumenetelm\u00e4\u00e4 ei tule k\u00e4ytt\u00e4\u00e4 tekstiileille, joissa on klooriheksidiinij\u00e4\u00e4mi\u00e4. Klooripitoisen valkaisun k\u00e4ytt\u00f6\u00e4 tulee v\u00e4ltt\u00e4\u00e4 my\u00f6s entsyymipitoisten pesuaineiden kanssa, koska kloori eliminoi entsyymien tehon.<br \/>\nK\u00e4ytt\u00f6ohje:<br \/>\nAnnostelum\u00e4\u00e4r\u00e4 s\u00e4\u00e4det\u00e4\u00e4n tekstiililajitelman mukaan.<br \/>\nAnnostelusuositus: 9 g\/kg kuivaa tekstiili\u00e4 l\u00e4mp\u00f6tilan ollessa 22\u0096-28\u00b0C<br \/>\n3,5\u00966 g\/kg kuivaa tekstiili\u00e4 l\u00e4mp\u00f6tilan ollessa 50\u0096-60\u00b0C<br \/>\nK\u00e4yt\u00f6ss\u00e4 huomioitavia asioita:<br \/>\nHyv\u00e4n valkaisutehon saavuttamiseksi l\u00e4mp\u00f6tilan tulee olla 40\u0096-60\u00b0C (alle 40\u00b0C isosyanuraatin hajoaminen on liian hidasta).<br \/>\nT\u00e4ss\u00e4 l\u00e4mp\u00f6tilassa pH:n tulee olla yli 10.<br \/>\nHuom. pH:n laskiessa alle 9,5:n kloorin aktiivisuus kasvaa, koska liuoksessa muodostuu enemm\u00e4n hypokloriittista happoa. T\u00e4m\u00e4 on huomattavasti voimakkaampaa kuin hypokloriitti ja lis\u00e4\u00e4 kuituvaurioita.<br \/>\nT\u00e4m\u00e4n vuoksi pesuliuoksen pH:n kontrollointi on t\u00e4rke\u00e4\u00e4.<br \/>\npH:n ollessa korkeampi kloorin aktiivisuus alenee ja t\u00e4ll\u00f6in voidaan k\u00e4ytt\u00e4\u00e4 korkeampaa l\u00e4mp\u00f6tilaa. Kun pH on n. 10,5, valkaisu voidaan tehd\u00e4 50\u0096-55\u00b0C l\u00e4mp\u00f6tilassa.<br \/>\nHypokloriitti reagoi klooriheksidiinin kanssa aiheuttaen ruskeita tahroja, joita on l\u00e4hes mahdotonta poistaa.<br \/>\nKloorij\u00e4\u00e4mien neutralointi on varmistettava valkaisun j\u00e4lkeen huuhteluvaiheessa (Clax Cid, ks. oma tuotelehti).<br \/>\nRiitt\u00e4m\u00e4t\u00f6n neutralointi aiheuttaa tekstiilien kellastumista ja lis\u00e4\u00e4 kuitujen vaurioitumista kuivausvaiheessa.<br \/>\nLiukenematon isosyanuraatti voi aiheuttaa tekstiilien reikiintymist\u00e4.<br \/>\n\u00c4l\u00e4 k\u00e4yt\u00e4 Clax Activ concia nailonmateriaaleille (polyamidi; esim. HTN -kuramatot). Yleens\u00e4 Clax Activ conc annostellaan huuhteluun, mutta jossain tilanteissa my\u00f6s p\u00e4\u00e4pesuun.<\/p>\n","protected":false},"excerpt":{"rendered":"<p>Clax Activ conc on erityisesti ammattimaiseen tekstiilienpesuun kehitetty valkaisuaine. Tuotetta k\u00e4ytet\u00e4\u00e4n huuhtelun yhteydess\u00e4 40-\u009660\u00b0C l\u00e4mp\u00f6tiloissa. Sit\u00e4 voidaan k\u00e4ytt\u00e4\u00e4 l\u00e4hes kaikentyyppisten valkoisten tekstiilien kanssa. Clax Activ conc on tehokas keskil\u00e4mp\u00f6tilan valkaisumenetelm\u00e4, joka perustuu isosyanuraattiin, em\u00e4ssuoloihin sek\u00e4 valkaisua stabiloiviin aineisiin. Valkaisevaa hypokloriittia muodostuu, kun isosyanuraatti liukenee veteen. Em\u00e4ssuolot v\u00e4hent\u00e4v\u00e4t mahdollisia kloorista aiheutuvia hajuhaittoja. Tuotetta voidaan k\u00e4ytt\u00e4\u00e4 valkoisille [&#8230;]\n","protected":false},"featured_media":807,"comment_status":"open","ping_status":"closed","template":"","meta":{"_monsterinsights_skip_tracking":false,"_monsterinsights_sitenote_active":false,"_monsterinsights_sitenote_note":"","_monsterinsights_sitenote_category":0},"product_brand":[],"product_cat":[124],"product_tag":[],"class_list":{"0":"post-806","1":"product","2":"type-product","3":"status-publish","4":"has-post-thumbnail","6":"product_cat-puhastuskeemia","8":"first","9":"instock","10":"taxable","11":"shipping-taxable","12":"purchasable","13":"product-type-simple"},"aioseo_notices":[],"_links":{"self":[{"href":"https:\/\/kindad.eu\/fi\/wp-json\/wp\/v2\/product\/806","targetHints":{"allow":["GET"]}}],"collection":[{"href":"https:\/\/kindad.eu\/fi\/wp-json\/wp\/v2\/product"}],"about":[{"href":"https:\/\/kindad.eu\/fi\/wp-json\/wp\/v2\/types\/product"}],"replies":[{"embeddable":true,"href":"https:\/\/kindad.eu\/fi\/wp-json\/wp\/v2\/comments?post=806"}],"wp:featuredmedia":[{"embeddable":true,"href":"https:\/\/kindad.eu\/fi\/wp-json\/wp\/v2\/media\/807"}],"wp:attachment":[{"href":"https:\/\/kindad.eu\/fi\/wp-json\/wp\/v2\/media?parent=806"}],"wp:term":[{"taxonomy":"product_brand","embeddable":true,"href":"https:\/\/kindad.eu\/fi\/wp-json\/wp\/v2\/product_brand?post=806"},{"taxonomy":"product_cat","embeddable":true,"href":"https:\/\/kindad.eu\/fi\/wp-json\/wp\/v2\/product_cat?post=806"},{"taxonomy":"product_tag","embeddable":true,"href":"https:\/\/kindad.eu\/fi\/wp-json\/wp\/v2\/product_tag?post=806"}],"curies":[{"name":"wp","href":"https:\/\/api.w.org\/{rel}","templated":true}]}}