{"id":727,"date":"2026-03-20T10:54:12","date_gmt":"2026-03-20T10:54:12","guid":{"rendered":"https:\/\/kindad.eu\/?post_type=product&#038;p=727"},"modified":"2026-03-20T11:03:50","modified_gmt":"2026-03-20T11:03:50","slug":"plexu-aluseline-leotuspesuaine-5l","status":"publish","type":"product","link":"https:\/\/kindad.eu\/ru\/product\/plexu-aluseline-leotuspesuaine-5l\/","title":{"rendered":"\u0429\u0435\u043b\u043e\u0447\u043d\u0430\u044f \u0436\u0438\u0434\u043a\u043e\u0441\u0442\u044c \u0434\u043b\u044f \u0437\u0430\u043c\u0430\u0447\u0438\u0432\u0430\u043d\u0438\u044f PlexU, 1\u043b"},"content":{"rendered":"<p>\u041f\u043e\u0434\u0445\u043e\u0434\u0438\u0442 \u0434\u043b\u044f \u043e\u0447\u0438\u0441\u0442\u043a\u0438 \u043f\u043e\u043b\u043e\u0432 \u0438 \u0434\u0440\u0443\u0433\u0438\u0445 \u043f\u043e\u0432\u0435\u0440\u0445\u043d\u043e\u0441\u0442\u0435\u0439 \u0432 \u043f\u0438\u0449\u0435\u0432\u043e\u0439 \u043f\u0440\u043e\u043c\u044b\u0448\u043b\u0435\u043d\u043d\u043e\u0441\u0442\u0438 \u043e\u0442 \u0441\u043b\u0435\u0434\u043e\u0432 \u0440\u0435\u0437\u0438\u043d\u044b, \u043c\u0430\u0441\u043b\u044f\u043d\u044b\u0445 \u043f\u044f\u0442\u0435\u043d, \u0441\u043c\u043e\u043b\u044b \u0438 \u0434\u0440\u0443\u0433\u0438\u0445 \u0442\u0440\u0443\u0434\u043d\u043e\u0432\u044b\u0432\u043e\u0434\u0438\u043c\u044b\u0445 \u0437\u0430\u0433\u0440\u044f\u0437\u043d\u0435\u043d\u0438\u0439.<br \/>\n\u0422\u0430\u043a\u0436\u0435 \u043f\u043e\u0434\u0445\u043e\u0434\u0438\u0442 \u0434\u043b\u044f \u043c\u044b\u0442\u044c\u044f \u043a\u043e\u043d\u0432\u0435\u0439\u0435\u0440\u043d\u044b\u0445 \u043b\u0438\u043d\u0438\u0439 \u0438 \u043c\u0430\u0448\u0438\u043d \u043e\u0442 \u0441\u043c\u0430\u0437\u043e\u0447\u043d\u044b\u0445 \u0438 \u043a\u043e\u043d\u0441\u0435\u0440\u0432\u0438\u0440\u0443\u044e\u0449\u0438\u0445 \u043c\u0430\u0441\u0435\u043b. \u041c\u043e\u0436\u0435\u0442 \u0438\u0441\u043f\u043e\u043b\u044c\u0437\u043e\u0432\u0430\u0442\u044c\u0441\u044f \u043a\u0430\u043a \u0434\u043b\u044f \u043c\u043e\u0439\u043a\u0438 \u043f\u043e\u0434 \u0434\u0430\u0432\u043b\u0435\u043d\u0438\u0435\u043c, \u0442\u0430\u043a \u0438 \u0432\u0440\u0443\u0447\u043d\u0443\u044e, \u0430 \u0442\u0430\u043a\u0436\u0435 \u043f\u043e\u0434\u0445\u043e\u0434\u0438\u0442 \u0434\u043b\u044f \u043c\u043e\u0435\u043a \u043f\u043e\u043b\u043e\u0432.<br \/>\n\u0411\u043b\u0430\u0433\u043e\u0434\u0430\u0440\u044f \u0441\u0432\u043e\u0435\u043c\u0443 \u043e\u0441\u043e\u0431\u043e\u043c\u0443 \u0441\u043e\u0441\u0442\u0430\u0432\u0443 \u044d\u0444\u0444\u0435\u043a\u0442\u0438\u0432\u043d\u043e \u0443\u0434\u0430\u043b\u044f\u0435\u0442 \u0441\u043c\u0430\u0437\u043e\u0447\u043d\u044b\u0435 \u0438 \u043a\u043e\u043d\u0441\u0435\u0440\u0432\u0438\u0440\u0443\u044e\u0449\u0438\u0435 \u043c\u0430\u0441\u043b\u0430, \u0441\u043b\u0435\u0434\u044b \u0440\u0435\u0437\u0438\u043d\u044b \u0438 \u0434\u0440\u0443\u0433\u0438\u0435 \u0441\u0442\u043e\u0439\u043a\u0438\u0435 \u0437\u0430\u0433\u0440\u044f\u0437\u043d\u0435\u043d\u0438\u044f \u0434\u0430\u0436\u0435 \u0445\u043e\u043b\u043e\u0434\u043d\u043e\u0439 \u0432\u043e\u0434\u043e\u0439.<br \/>\n\u041d\u0435 \u0441\u043e\u0434\u0435\u0440\u0436\u0438\u0442 \u0440\u0430\u0441\u0442\u0432\u043e\u0440\u0438\u0442\u0435\u043b\u0435\u0439, \u0442\u0430\u043a\u0436\u0435 \u043f\u043e\u0434\u0445\u043e\u0434\u0438\u0442 \u0434\u043b\u044f \u043c\u044b\u0442\u044c\u044f \u043e\u043a\u0440\u0430\u0448\u0435\u043d\u043d\u044b\u0445 \u0438 \u043c\u0435\u0442\u0430\u043b\u043b\u0438\u0447\u0435\u0441\u043a\u0438\u0445 \u043f\u043e\u0432\u0435\u0440\u0445\u043d\u043e\u0441\u0442\u0435\u0439.<\/p>\n<p>Aine pH 10,0<\/p>\n<p>Lugedes teemat, kus \u00fcks h\u00e4rra enesele soetatud \u00fclinigelas korras traktori korrastamisega v\u00e4\u00e4rikat vaeva n\u00e4eb, tekkis k\u00fcsimus, et milleks peab kasutama detailide puhastamisel kalleid ja lenduvaid aineid a&#8217;la nitrolahusti jne&#8230;<\/p>\n<p>Ma olen reklaaminud \u00fches teises foorumis sellist pesuvahendit, mis kannab nimetust Plexu.<br \/>\nInimesed ei taha mitte kuidagi oma vanadest harjumustest loobuda, aga ikkagi \u00fcritan siis ka siia piisakese heita.<br \/>\nNo pole ma selle vahendi maaletooja ega edasim\u00fc\u00fcja ja samuti pole mul mitte mingisuguseid peretutvusi ega \u00fcldse mitte mingisuguseid tutvusi Plexu m\u00fc\u00fcjatega. Nii et palun mitte n\u00e4gu kirtsutada, kui seda vedelikku ka siin soovitan. Ja soovitan ainult ja ainult isiklike kasutuskogemuste p\u00f5hjal.<br \/>\n<a class=\"mycode_url\" href=\"http:\/\/www.estko.ee\/index.php?route=product\/product\" target=\"_blank\" rel=\"noopener\">http:\/\/www.estko.ee\/index.php?route=product\/product<\/a>&#038;product_id=1272<\/p>\n<p>Mina kasutan seda metsa- ja muude masinate pesuks. Hetkel k\u00fcll olude sunnil jah eemal igasugusest \u00f5list ja tavotist, aga kogemused on suured.<br \/>\nOstsin pidevalt Viljandist M\u00e4nnim\u00e4elt, kus endise M\u00e4nnim\u00e4e Hotelli hoones selline pood, mis kannab Puhastuseksperdi reklaamsilti.<br \/>\nMaksis krooniajal 150.- , kui \u00f5igesti m\u00e4letan. 10-liitrine kanku.<br \/>\nAuto-Motos sealsamas linnas m\u00fc\u00fcdi ka, aga 200.- eeguse hinnaga sama kogust\u00a0<img decoding=\"async\" class=\"smilie smilie_6\" title=\"Toungue\" src=\"https:\/\/forum.automoto.ee\/images\/smilies\/tongue.gif\" alt=\"Toungue\" \/>.<\/p>\n<p>\u00dchest kankust sai kohe kaks tehtud, ehk siis lahjendatud veega 1:1.<br \/>\nLahus l\u00e4ks pritsi sisse. Sellega leotasin n\u00e4iteks masina mootori \u00fcle ja edasine t\u00f6\u00f6 k\u00e4is survepesuriga.<br \/>\nKui mootor oli v\u00e4ga-v\u00e4ga kinnikuivanud rokaga koos, siis Plexu ei aitanud. Kuivanud \u00f5li-tolmu pasa lahtisaamiseks kasutasin ikkagi paremate leotusomadustega tavalist mootoripesuvahendit + survepesu ja siis hiljem uuesti plexu + survepesu.<\/p>\n<p>Miks Plexu hea on?<br \/>\nPeale pesu j\u00e4\u00e4b pind kuiv, absoluutselt rasvavaba ja temaga toimetamine ei levita mingisugust vastikut pead p\u00f6\u00f6ritama ajavat haisu.<br \/>\nPlexu mahapesemine ei n\u00f5ua suuremat vaeva, kui ainult veega loputamist.<\/p>\n<p>Plexul on ka halvad omadused.<br \/>\nOmab nahka kuivatavat toimet. Nii et kui paljak\u00e4si plexulahuses polte-mutreid pestes solberdada, siis peale paaritunnist sellist tegevust on nahk purukuiv ja kokkukiskuv. Suht kohustuslik on kasutada kummikindaid.<br \/>\nNahale sattunud vahend pesta maha seebi ja veega, igaks petteks kasutada \u00f5htul k\u00e4tekreemi.<br \/>\nTeine halb omadus on v\u00e4rvkattele m\u00f5juv pleegitav toime. Kui oled autopede ja sulle meeldib tema l\u00e4ikiv v\u00e4ljan\u00e4gemine, hoia plexu kerest eemale!<br \/>\nT\u00f6\u00f6autot olen pesnud umbes 1:10 v\u00f5i veelgi lahjema lahusega.<br \/>\nPritsist lasen plexu peale (mitte mingil juhul \u00fcle terve masina!), kiirelt harjaga mustuse lahti h\u00f5\u00f5runud ja kohe survekaga ohtra veega \u00fcle loputanud.<br \/>\nMitte mingil juhul EI TOHI lasta lahusel pinnale \u00e4ra kuivada! Uuesti mustuse lahtisaamisega on sel juhul hulk t\u00fclikat tegemist.<br \/>\nVahend tuleb v\u00e4rvitud pindadelt hoolikalt maha loputada, muidu j\u00e4\u00e4vad koledad pleekinud plekid v\u00f5i triibud.<\/p>\n<p>Pilte kah:<\/p>\n","protected":false},"excerpt":{"rendered":"<p>\u041f\u043e\u0434\u0445\u043e\u0434\u0438\u0442 \u0434\u043b\u044f \u043e\u0447\u0438\u0441\u0442\u043a\u0438 \u043f\u043e\u043b\u043e\u0432 \u0438 \u0434\u0440\u0443\u0433\u0438\u0445 \u043f\u043e\u0432\u0435\u0440\u0445\u043d\u043e\u0441\u0442\u0435\u0439 \u0432 \u043f\u0438\u0449\u0435\u0432\u043e\u0439 \u043f\u0440\u043e\u043c\u044b\u0448\u043b\u0435\u043d\u043d\u043e\u0441\u0442\u0438 \u043e\u0442 \u0441\u043b\u0435\u0434\u043e\u0432 \u0440\u0435\u0437\u0438\u043d\u044b, \u043c\u0430\u0441\u043b\u044f\u043d\u044b\u0445 \u043f\u044f\u0442\u0435\u043d, \u0441\u043c\u043e\u043b\u044b \u0438 \u0434\u0440\u0443\u0433\u0438\u0445 \u0442\u0440\u0443\u0434\u043d\u043e\u0432\u044b\u0432\u043e\u0434\u0438\u043c\u044b\u0445 \u0437\u0430\u0433\u0440\u044f\u0437\u043d\u0435\u043d\u0438\u0439. \u0422\u0430\u043a\u0436\u0435 \u043f\u043e\u0434\u0445\u043e\u0434\u0438\u0442 \u0434\u043b\u044f \u043c\u044b\u0442\u044c\u044f \u043a\u043e\u043d\u0432\u0435\u0439\u0435\u0440\u043d\u044b\u0445 \u043b\u0438\u043d\u0438\u0439 \u0438 \u043c\u0430\u0448\u0438\u043d \u043e\u0442 \u0441\u043c\u0430\u0437\u043e\u0447\u043d\u044b\u0445 \u0438 \u043a\u043e\u043d\u0441\u0435\u0440\u0432\u0438\u0440\u0443\u044e\u0449\u0438\u0445 \u043c\u0430\u0441\u0435\u043b. \u041c\u043e\u0436\u0435\u0442 \u0438\u0441\u043f\u043e\u043b\u044c\u0437\u043e\u0432\u0430\u0442\u044c\u0441\u044f \u043a\u0430\u043a \u0434\u043b\u044f \u043c\u043e\u0439\u043a\u0438 \u043f\u043e\u0434 \u0434\u0430\u0432\u043b\u0435\u043d\u0438\u0435\u043c, \u0442\u0430\u043a \u0438 \u0432\u0440\u0443\u0447\u043d\u0443\u044e, \u0430 \u0442\u0430\u043a\u0436\u0435 \u043f\u043e\u0434\u0445\u043e\u0434\u0438\u0442 \u0434\u043b\u044f \u043c\u043e\u0435\u043a \u043f\u043e\u043b\u043e\u0432. \u0411\u043b\u0430\u0433\u043e\u0434\u0430\u0440\u044f \u0441\u0432\u043e\u0435\u043c\u0443 \u043e\u0441\u043e\u0431\u043e\u043c\u0443 \u0441\u043e\u0441\u0442\u0430\u0432\u0443 \u044d\u0444\u0444\u0435\u043a\u0442\u0438\u0432\u043d\u043e \u0443\u0434\u0430\u043b\u044f\u0435\u0442 [&#8230;]\n","protected":false},"featured_media":728,"comment_status":"open","ping_status":"closed","template":"","meta":{"_monsterinsights_skip_tracking":false,"_monsterinsights_sitenote_active":false,"_monsterinsights_sitenote_note":"","_monsterinsights_sitenote_category":0},"product_brand":[],"product_cat":[124],"product_tag":[],"class_list":{"0":"post-727","1":"product","2":"type-product","3":"status-publish","4":"has-post-thumbnail","6":"product_cat-puhastuskeemia","8":"first","9":"instock","10":"taxable","11":"shipping-taxable","12":"purchasable","13":"product-type-simple"},"aioseo_notices":[],"_links":{"self":[{"href":"https:\/\/kindad.eu\/ru\/wp-json\/wp\/v2\/product\/727","targetHints":{"allow":["GET"]}}],"collection":[{"href":"https:\/\/kindad.eu\/ru\/wp-json\/wp\/v2\/product"}],"about":[{"href":"https:\/\/kindad.eu\/ru\/wp-json\/wp\/v2\/types\/product"}],"replies":[{"embeddable":true,"href":"https:\/\/kindad.eu\/ru\/wp-json\/wp\/v2\/comments?post=727"}],"wp:featuredmedia":[{"embeddable":true,"href":"https:\/\/kindad.eu\/ru\/wp-json\/wp\/v2\/media\/728"}],"wp:attachment":[{"href":"https:\/\/kindad.eu\/ru\/wp-json\/wp\/v2\/media?parent=727"}],"wp:term":[{"taxonomy":"product_brand","embeddable":true,"href":"https:\/\/kindad.eu\/ru\/wp-json\/wp\/v2\/product_brand?post=727"},{"taxonomy":"product_cat","embeddable":true,"href":"https:\/\/kindad.eu\/ru\/wp-json\/wp\/v2\/product_cat?post=727"},{"taxonomy":"product_tag","embeddable":true,"href":"https:\/\/kindad.eu\/ru\/wp-json\/wp\/v2\/product_tag?post=727"}],"curies":[{"name":"wp","href":"https:\/\/api.w.org\/{rel}","templated":true}]}}